{"id":987899,"date":"2023-03-01T18:15:30","date_gmt":"2023-03-01T18:15:30","guid":{"rendered":"https:\/\/www.institutodermatologicolaser.com\/?page_id=987899"},"modified":"2023-12-26T04:36:35","modified_gmt":"2023-12-26T04:36:35","slug":"eliminar-varices-malaga-tratamiento","status":"publish","type":"page","link":"https:\/\/www.institutodermatologicolaser.com\/?page_id=987899","title":{"rendered":"Varices"},"content":{"rendered":"<div class=\"vgblk-rw-wrapper limit-wrapper\">\n\n\t<p>En Instituto Dermatol\u00f3gico contamos con el tratamiento m\u00e1s eficaz a d\u00eda de hoy para eliminar las varices: tratamiento dual de l\u00e1ser y espuma. La salud y recuperaci\u00f3n de las zonas afectadas se notar\u00e1 de inmediato para cambiar tu vida tras el tratamiento.<\/p>\n\t<h4>Potencia, tecnolog\u00eda y amplia experiencia. Sometemos a las varices a un tratamiento impecable.<\/h4>\n\t<p>Consulta con nuestro equipo y reserva una cita para ver directamente con nuestro equipo las zonas afectadas y su soluci\u00f3n.<\/p>\n<h4>\n\tDuraci\u00f3n\n\t<\/h4>\n\t<p>1 hora \/ sesi\u00f3n<\/p>\n<h4>\n\tSesiones\n\t<\/h4>\n\t<p>S\u00f3lo 5<\/p>\n<h4>\n\tTratamiento\n\t<\/h4>\n\t<p>L\u00e1ser de Diodo Vectus<\/p>\n<h4>\n\tRecuperaci\u00f3n\n\t<\/h4>\n\t<p>R\u00e1pida<\/p>\n<h4>\n\tResultados\n\t<\/h4>\n\t<p>Espectaculares<\/p>\n<h2>\n\t\t\t<a href=\"https:\/\/www.youtube.com\/watch?v=UmBkF5FtVT8\" title=\"Tratamiento\" target=\"_blank\" rel=\"noopener\">\n\tTratamiento\n\t\t\t<\/a>\n\t<\/h2>\n\t\t\t\t\t\t\t<img decoding=\"async\" src=\"https:\/\/www.institutodermatologicolaser.com\/wp-content\/plugins\/beaver-builder-lite-version\/img\/pixel.png\" alt=\"\" itemprop=\"image\" onerror=\"this.style.display='none'\"  \/>\n\t<h2>Eliminar de manera efectiva las varices<\/h2>\n<p>En nuestra cl\u00ednica de dermatolog\u00eda y est\u00e9tica en M\u00e1laga, comprendemos la incomodidad que pueden causar las varices, ara\u00f1as vasculares y var\u00edculas en las piernas. Ofrecemos un enfoque integral con tratamientos duales que combinan la precisi\u00f3n del l\u00e1ser y la eficacia de la espuma esclerosante para eliminar de manera efectiva estas afecciones vasculares.<\/p>\n<p>Las varices y las ara\u00f1as vasculares son afecciones comunes que pueden afectar tanto la apariencia como la comodidad. Nuestro enfoque innovador combina la tecnolog\u00eda l\u00e1ser, que cierra selectivamente los vasos sangu\u00edneos dilatados, con la espuma esclerosante, la cual se introduce para cerrar las venas afectadas desde el interior, proporcionando resultados notables en la reducci\u00f3n de la apariencia de las venas visibles.<\/p>\n<h2>Tratamiento para eliminar varices<\/h2>\n<p>El tratamiento dual de l\u00e1ser y espuma esclerosante ofrece una soluci\u00f3n completa y efectiva. El l\u00e1ser act\u00faa en las venas superficiales, mientras que la espuma se dirige a las venas m\u00e1s profundas, abordando as\u00ed diferentes capas y tama\u00f1os de venas afectadas para un resultado m\u00e1s completo.<\/p>\n<h2>Calidad de vida tras el tratamiento<\/h2>\n<p>Nuestro equipo de dermat\u00f3logos altamente capacitados se compromete a proporcionar tratamientos personalizados y seguros. Evaluamos cuidadosamente cada caso para determinar el enfoque m\u00e1s adecuado y ofrecerte un plan de tratamiento combinado que se ajuste a tus necesidades individuales.<\/p>\n<p>Si buscas una soluci\u00f3n efectiva para eliminar varices, ara\u00f1as vasculares o var\u00edculas, nuestro enfoque dual de l\u00e1ser y espuma esclerosante puede proporcionarte alivio y mejorar la apariencia de tus piernas. \u00a1Cont\u00e1ctanos para una consulta personalizada y descubre c\u00f3mo podemos ayudarte a lograr unas piernas m\u00e1s saludables y est\u00e9ticamente agradables mediante nuestro innovador tratamiento dual de l\u00e1ser y espuma!<\/p>\n<h2>\n\tReserva\n\t<\/h2>\n<h1>\n\tConsulta privada\n\t<\/h1>\n\t<p>Take your spa on the go with our appointments shedule<\/p>\n<p>or<\/p>\n\t<a href=\"\/locations\/\" target=\"_self\" role=\"button\" rel=\"noopener\">\n\t\t\t\t\tJust drop a message.\n\t<\/a>\n<h3>\n\tBook a pleasure!\n\t<\/h3>\n\t\t\t\t\t\tdiciembre 2023\t\t\t\t\t\t\t\t\t\t\t\n\t\t\t\t\t<a href=\"#\" data-goto=\"2024-01-01\"><\/a>\t\t\t\t\n\t\t\t\t\t\t\t\tLun\n\t\t\t\tMar\n\t\t\t\tMi\u00e9\n\t\t\t\tJue\n\t\t\t\tVie\n\t\t\t\tS\u00e1b\t\t\t\tDom\t\t\t\n\t\t2728293012345678910111213141516171819202122232425262728293031\t\t\n\t<h3>\n\tWhere to find us?\n\t<\/h3>\n<h5>\n\tPhone &amp; E-mail\n\t<\/h5>\n\t<a href=\"tel:+ (123) 1800-567-8990\" target=\"_blank\" rel=\"noopener\">+ (123) 1800-567-8990<\/a><br \/>\n<a href=\"mailto:office@example.com\">office@example.com<\/a>\n<h5>\n\tOpening Times\n\t<\/h5>\n\tMon &#8211; Fri: 9:00 &#8211; 19:00<br \/>\nClosed on Weekends\n<h5>\n\tAddress\n\t<\/h5>\n\t<p>New York, USA &#8211; 1060 First Avenue, Muswell Hill<\/p>\n\t\t<iframe src=\"https:\/\/maps.google.com\/maps?q=Muswell+Hill&#038;iwloc=near&#038;output=embed\" height=\"406\" frameborder=\"0\" loading=\"lazy\"><\/iframe>\n\n<\/div><!-- .vgblk-rw-wrapper -->","protected":false},"excerpt":{"rendered":"<p>En Instituto Dermatol\u00f3gico contamos con el tratamiento m\u00e1s eficaz a d\u00eda de hoy para eliminar las varices: tratamiento dual de l\u00e1ser y espuma. La salud y recuperaci\u00f3n de las zonas afectadas se notar\u00e1 de inmediato para cambiar tu vida tras el tratamiento. Potencia, tecnolog\u00eda y amplia experiencia. Sometemos a las varices a un tratamiento impecable&#8230;.<\/p>\n","protected":false},"author":1,"featured_media":0,"parent":987873,"menu_order":0,"comment_status":"closed","ping_status":"closed","template":"","meta":{"inline_featured_image":false,"footnotes":""},"class_list":["post-987899","page","type-page","status-publish","hentry"],"jetpack_sharing_enabled":true,"_links":{"self":[{"href":"https:\/\/www.institutodermatologicolaser.com\/index.php?rest_route=\/wp\/v2\/pages\/987899","targetHints":{"allow":["GET"]}}],"collection":[{"href":"https:\/\/www.institutodermatologicolaser.com\/index.php?rest_route=\/wp\/v2\/pages"}],"about":[{"href":"https:\/\/www.institutodermatologicolaser.com\/index.php?rest_route=\/wp\/v2\/types\/page"}],"author":[{"embeddable":true,"href":"https:\/\/www.institutodermatologicolaser.com\/index.php?rest_route=\/wp\/v2\/users\/1"}],"replies":[{"embeddable":true,"href":"https:\/\/www.institutodermatologicolaser.com\/index.php?rest_route=%2Fwp%2Fv2%2Fcomments&post=987899"}],"version-history":[{"count":3,"href":"https:\/\/www.institutodermatologicolaser.com\/index.php?rest_route=\/wp\/v2\/pages\/987899\/revisions"}],"predecessor-version":[{"id":988400,"href":"https:\/\/www.institutodermatologicolaser.com\/index.php?rest_route=\/wp\/v2\/pages\/987899\/revisions\/988400"}],"up":[{"embeddable":true,"href":"https:\/\/www.institutodermatologicolaser.com\/index.php?rest_route=\/wp\/v2\/pages\/987873"}],"wp:attachment":[{"href":"https:\/\/www.institutodermatologicolaser.com\/index.php?rest_route=%2Fwp%2Fv2%2Fmedia&parent=987899"}],"curies":[{"name":"wp","href":"https:\/\/api.w.org\/{rel}","templated":true}]}}