{"id":987866,"date":"2023-03-01T18:05:00","date_gmt":"2023-03-01T18:05:00","guid":{"rendered":"https:\/\/www.institutodermatologicolaser.com\/?page_id=987866"},"modified":"2023-03-20T07:26:36","modified_gmt":"2023-03-20T07:26:36","slug":"depilacion-laser-mujeres-malaga","status":"publish","type":"page","link":"https:\/\/www.institutodermatologicolaser.com\/?page_id=987866","title":{"rendered":"Depilaci\u00f3n l\u00e1ser en mujeres"},"content":{"rendered":"<div class=\"vgblk-rw-wrapper limit-wrapper\">\n\n\t<p>En Instituto Dermatol\u00f3gico contamos con el <strong>L\u00e1ser diodo Vectus de Cynosure<\/strong>, un Diodo de alta potencia, con diferentes Lentes y que gracias a la tecnolog\u00eda Skintel nos permite aplicar la m\u00e1xima potencia en cada disparo <strong>protegiendo al paciente<\/strong> gracias a su medidor de melanina incluso en <strong>pieles oscuras<\/strong>.<\/p>\n\t<h4>Esta gran potencia aplicada nos permite reducir el numero de sesiones para una eliminaci\u00f3n completa del vello en cualquier parte del cuerpo y la cara.<\/h4>\n\t<p>Accede a cualquiera de nuestros tratamientos para ver <strong>resultados<\/strong> obtenidos en nuestra cl\u00ednica mediante nuestro Laser Vectus.<\/p>\n<h4>\n\tDuraci\u00f3n\n\t<\/h4>\n\t<p>1 hora \/ sesi\u00f3n<\/p>\n<h4>\n\tSesiones\n\t<\/h4>\n\t<p>S\u00f3lo 5<\/p>\n<h4>\n\tTipo de l\u00e1ser\n\t<\/h4>\n\t<p>L\u00e1ser de Diodo Vectus<\/p>\n<h4>\n\tPrecios\n\t<\/h4>\n\t<p>Seg\u00fan la zona<\/p>\n<h4>\n\tResultados\n\t<\/h4>\n\t<p>Espectaculares<\/p>\n\t\t\tFacial\t\t\n\t\t\tCorporal\t\t\n\t\t\t\t<div class=\"fl-builder-content fl-builder-content-15124 fl-builder-template fl-builder-row-template fl-builder-global-templates-locked\" data-post-id=\"15124\"><div class=\"fl-row fl-row-full-width fl-row-bg-none fl-node-5a0b28a08f9ce fl-row-bg-attachment-scroll\" data-node=\"5a0b28a08f9ce\">\n\t<div class=\"fl-row-content-wrap\">\n\t\t\t\t\t\t<div class=\"fl-row-content fl-row-fixed-width fl-node-content\">\n\t\t\n<div class=\"fl-col-group fl-node-5a0b28a08f763\" data-node=\"5a0b28a08f763\">\n\t\t\t<div class=\"fl-col fl-node-5a0b28a08f7af fl-col-has-cols\" data-node=\"5a0b28a08f7af\">\n\t<div class=\"fl-col-content fl-node-content\">\n<div class=\"fl-col-group fl-node-5a0b28a08f7f6 fl-col-group-nested fl-col-group-custom-width\" data-node=\"5a0b28a08f7f6\">\n\t\t\t<div class=\"fl-col fl-node-5a0b28a08f83d fl-col-small\" data-node=\"5a0b28a08f83d\">\n\t<div class=\"fl-col-content fl-node-content\"><div class=\"fl-module fl-module-vamtam-team-member fl-node-5a0b28a08f907\" data-node=\"5a0b28a08f907\">\n\t<div class=\"fl-module-content fl-node-content\">\n\t\t<div class=\"team-member has-content\">\n\t\t\t<div class=\"thumbnail\">\n\t\t\t\t\t\t\t<div class=\"vamtam-responsive-wrapper\"><img loading=\"lazy\" decoding=\"async\" width=\"366\" height=\"394\" src=\"https:\/\/www.institutodermatologicolaser.com\/wp-content\/uploads\/2017\/11\/zona-facial.jpg\" class=\"attachment-full size-full\" alt=\"\" srcset=\"https:\/\/www.institutodermatologicolaser.com\/wp-content\/uploads\/2017\/11\/zona-facial.jpg 366w, https:\/\/www.institutodermatologicolaser.com\/wp-content\/uploads\/2017\/11\/zona-facial-279x300.jpg 279w, https:\/\/www.institutodermatologicolaser.com\/wp-content\/uploads\/2017\/11\/zona-facial-315x339.jpg 315w\" sizes=\"auto, (max-width: 366px) 100vw, 366px\" data-attachment-id=\"988107\" data-permalink=\"https:\/\/www.institutodermatologicolaser.com\/?attachment_id=988107\" data-orig-file=\"https:\/\/www.institutodermatologicolaser.com\/wp-content\/uploads\/2017\/11\/zona-facial.jpg\" data-orig-size=\"366,394\" data-comments-opened=\"0\" data-image-meta=\"{&quot;aperture&quot;:&quot;0&quot;,&quot;credit&quot;:&quot;&quot;,&quot;camera&quot;:&quot;&quot;,&quot;caption&quot;:&quot;&quot;,&quot;created_timestamp&quot;:&quot;0&quot;,&quot;copyright&quot;:&quot;&quot;,&quot;focal_length&quot;:&quot;0&quot;,&quot;iso&quot;:&quot;0&quot;,&quot;shutter_speed&quot;:&quot;0&quot;,&quot;title&quot;:&quot;&quot;,&quot;orientation&quot;:&quot;0&quot;}\" data-image-title=\"zona facial\" data-image-description=\"\" data-image-caption=\"\" data-medium-file=\"https:\/\/www.institutodermatologicolaser.com\/wp-content\/uploads\/2017\/11\/zona-facial-279x300.jpg\" data-large-file=\"https:\/\/www.institutodermatologicolaser.com\/wp-content\/uploads\/2017\/11\/zona-facial.jpg\" \/><\/div>\t\t\t\n\t\t\t\t\t<\/div>\n\t\t<div class=\"team-member-info\">\n\t\t\n\t\t<h3>\n\t\t\t\t\t\t\t\t\t\t\t\t<\/h3>\n\n\t\t\t\t\n\t\t\t\t\t<div class=\"team-member-bio\">\n\t\t\t\t<p style=\"text-align: center;\"><div class=\"fl-builder-content fl-builder-content-14841 fl-builder-template fl-builder-module-template fl-builder-global-templates-locked\" data-post-id=\"14841\"><div class=\"fl-module fl-module-vamtam-button fl-node-5a0351151b3cf\" data-node=\"5a0351151b3cf\">\n\t<div class=\"fl-module-content fl-node-content\">\n\t\t<div class=\"vamtam-button-wrap vamtam-button-width-auto\" style=\"text-align:center\">\n\t<a href=\"\/janet-williams-appointments\/\" target=\"_self\" class=\"vamtam-button accent1 hover-accent6 button-solid icon-animation-disable\" role=\"button\" style=\"font-size:14px;line-height:16px;padding:16px 32px;\">\n\n\t\t\n\t\t\t\t\t<span class=\"vamtam-button-text\">Book Now<\/span>\n\t\t\n\t\t\n\t<\/a>\n<\/div>\n\t<\/div>\n<\/div>\n<\/div><\/p>\t\t\t<\/div>\n\t\t\t<\/div>\n<\/div>\n\t<\/div>\n<\/div>\n<\/div>\n<\/div>\n\t\t\t<div class=\"fl-col fl-node-5a0b28a08f8c9\" data-node=\"5a0b28a08f8c9\">\n\t<div class=\"fl-col-content fl-node-content\"><div class=\"fl-module fl-module-vamtam-accordion fl-node-5a0b28a08f987\" data-node=\"5a0b28a08f987\">\n\t<div class=\"fl-module-content fl-node-content\">\n\t\t<div class=\"fl-accordion fl-accordion-medium fl-accordion-open-first\">\n\t\t<div class=\"fl-accordion-item\" style=\"border-color:rgba(255,255,255,0.01)\">\n\t\t<div class=\"fl-accordion-button\">\n\t\t\t<span class=\"fl-accordion-button-label\">Precios<\/span>\n\t\t\t<i class=\"fl-accordion-button-icon vamtam-theme-plus\"><\/i>\n\t\t<\/div>\n\t\t<div class=\"fl-accordion-content fl-clearfix\"><table class=\"vamtam-styled\"><tbody><!-- Comienza la tabla --><tr><!-- ENCABEZADOS--><td><p><!-- ENCABEZADOS EN COLUMNAS --><\/p><p class=\"p1\" style=\"text-align: left;\"><span style=\"font-size: 14px;\"><strong>Zona<\/strong><\/span><\/p><\/td><!-- Fin de la Columna 1 --><td style=\"text-align: left;\"><p class=\"p1\"><strong><span style=\"font-size: 14px;\">Duraci\u00f3n<\/span><\/strong><\/p><\/td><td style=\"text-align: left;\"><p class=\"p1\"><strong><span style=\"font-size: 14px;\">Precio<\/span><\/strong><\/p><\/td><td style=\"text-align: left;\"><p class=\"p1\"><strong><span style=\"font-size: 14px;\">Repaso<\/span><\/strong><\/p><\/td><\/tr><!-- Fin de los encabezados --><tr><!-- Fila 4 --><td><p><!-- Columna 4 --><\/p><p class=\"p1\">Barbilla<\/p><\/td><!-- Fin de la Columna 1 --><td><p class=\"p1\">20 min.<\/p><\/td><td><p class=\"p1\">40 \u20ac<\/p><\/td><td><p class=\"p1\">35 \u20ac<\/p><\/td><\/tr><!-- Fin de la Fila 4 --><tr><!-- Fila 4 --><td><p><!-- Columna 4 --><\/p><p class=\"p1\">Cuello<\/p><\/td><!-- Fin de la Columna 1 --><td><p class=\"p1\">20 min.<\/p><\/td><td><p class=\"p1\">40 \u20ac<\/p><\/td><td><p class=\"p1\">30 \u20ac<\/p><\/td><\/tr><!-- Fin de la Fila 4 --><tr><!-- Fila 4 --><td><p><!-- Columna 4 --><\/p><p class=\"p1\">Entrecejo<\/p><\/td><!-- Fin de la Columna 1 --><td><p class=\"p1\">20 min.<\/p><\/td><td><p class=\"p1\">40 \u20ac<\/p><\/td><td><p class=\"p1\">30 \u20ac<\/p><\/td><\/tr><!-- Fin de la Fila 4 --><tr><!-- Fila 4 --><td><p><!-- Columna 4 --><\/p><p class=\"p1\">Mejillas<\/p><\/td><!-- Fin de la Columna 1 --><td><p class=\"p1\">20 min.<\/p><\/td><td><p class=\"p1\">40 \u20ac<\/p><\/td><td><p class=\"p1\">35 \u20ac<\/p><\/td><\/tr><!-- Fin de la Fila 4 --><tr><!-- Fila 4 --><td><p><!-- Columna 4 --><\/p><p class=\"p1\">Ment\u00f3n<\/p><\/td><!-- Fin de la Columna 1 --><td><p class=\"p1\">20 min.<\/p><\/td><td><p class=\"p1\">40 \u20ac<\/p><\/td><td><p class=\"p1\">35 \u20ac<\/p><\/td><\/tr><!-- Fin de la Fila 4 --><tr><!-- Fila 4 --><td><p><!-- Columna 4 --><\/p><p class=\"p1\">Patillas<\/p><\/td><!-- Fin de la Columna 1 --><td><p class=\"p1\">20 min.<\/p><\/td><td><p class=\"p1\">40 \u20ac<\/p><\/td><td><p class=\"p1\">35 \u20ac<\/p><\/td><\/tr><tr><!-- Fila 4 --><td><p><!-- Columna 4 --><\/p><p class=\"p1\">Peribucal<\/p><\/td><!-- Fin de la Columna 1 --><td><p class=\"p1\">20 min.<\/p><\/td><td><p class=\"p1\">40 \u20ac<\/p><\/td><td><p class=\"p1\">35 \u20ac<\/p><\/td><\/tr><\/tbody><\/table><p><!-- Fin de la tabla --><\/p><div class=\"fl-builder-content fl-builder-content-14841 fl-builder-template fl-builder-module-template fl-builder-global-templates-locked\" data-post-id=\"14841\"><div class=\"fl-module fl-module-vamtam-button fl-node-5a0351151b3cf\" data-node=\"5a0351151b3cf\">\n\t<div class=\"fl-module-content fl-node-content\">\n\t\t<div class=\"vamtam-button-wrap vamtam-button-width-auto\" style=\"text-align:center\">\n\t<a href=\"\/janet-williams-appointments\/\" target=\"_self\" class=\"vamtam-button accent1 hover-accent6 button-solid icon-animation-disable\" role=\"button\" style=\"font-size:14px;line-height:16px;padding:16px 32px;\">\n\n\t\t\n\t\t\t\t\t<span class=\"vamtam-button-text\">Book Now<\/span>\n\t\t\n\t\t\n\t<\/a>\n<\/div>\n\t<\/div>\n<\/div>\n<\/div><\/div>\n\t<\/div>\n\t<\/div>\n\t<\/div>\n<\/div>\n<\/div>\n<\/div>\n\t<\/div>\n<\/div>\n<\/div>\n\t<\/div>\n\t\t<\/div>\n\t<\/div>\n<\/div>\n<\/div>\t\t\t\n\t\t\t\t<div class=\"fl-builder-content fl-builder-content-15125 fl-builder-template fl-builder-row-template fl-builder-global-templates-locked\" data-post-id=\"15125\"><div class=\"fl-row fl-row-full-width fl-row-bg-none fl-node-5a0b28b18140b fl-row-bg-attachment-scroll\" data-node=\"5a0b28b18140b\">\n\t<div class=\"fl-row-content-wrap\">\n\t\t\t\t\t\t<div class=\"fl-row-content fl-row-fixed-width fl-node-content\">\n\t\t\n<div class=\"fl-col-group fl-node-5a0b28b18115a\" data-node=\"5a0b28b18115a\">\n\t\t\t<div class=\"fl-col fl-node-5a0b28b1811a6 fl-col-has-cols\" data-node=\"5a0b28b1811a6\">\n\t<div class=\"fl-col-content fl-node-content\">\n<div class=\"fl-col-group fl-node-5a0b28b1811f1 fl-col-group-nested fl-col-group-custom-width\" data-node=\"5a0b28b1811f1\">\n\t\t\t<div class=\"fl-col fl-node-5a0b28b181236 fl-col-small\" data-node=\"5a0b28b181236\">\n\t<div class=\"fl-col-content fl-node-content\"><div class=\"fl-module fl-module-vamtam-team-member fl-node-5a0b28b181323\" data-node=\"5a0b28b181323\">\n\t<div class=\"fl-module-content fl-node-content\">\n\t\t<div class=\"team-member has-content\">\n\t\t\t<div class=\"thumbnail\">\n\t\t\t\t\t\t\t<div class=\"vamtam-responsive-wrapper\"><img loading=\"lazy\" decoding=\"async\" width=\"380\" height=\"394\" src=\"https:\/\/www.institutodermatologicolaser.com\/wp-content\/uploads\/2017\/11\/zona_pequena.png\" class=\"attachment-full size-full\" alt=\"\" srcset=\"https:\/\/www.institutodermatologicolaser.com\/wp-content\/uploads\/2017\/11\/zona_pequena.png 380w, https:\/\/www.institutodermatologicolaser.com\/wp-content\/uploads\/2017\/11\/zona_pequena-289x300.png 289w, https:\/\/www.institutodermatologicolaser.com\/wp-content\/uploads\/2017\/11\/zona_pequena-315x327.png 315w\" sizes=\"auto, (max-width: 380px) 100vw, 380px\" data-attachment-id=\"988088\" data-permalink=\"https:\/\/www.institutodermatologicolaser.com\/?attachment_id=988088\" data-orig-file=\"https:\/\/www.institutodermatologicolaser.com\/wp-content\/uploads\/2017\/11\/zona_pequena.png\" data-orig-size=\"380,394\" data-comments-opened=\"0\" data-image-meta=\"{&quot;aperture&quot;:&quot;0&quot;,&quot;credit&quot;:&quot;&quot;,&quot;camera&quot;:&quot;&quot;,&quot;caption&quot;:&quot;&quot;,&quot;created_timestamp&quot;:&quot;0&quot;,&quot;copyright&quot;:&quot;&quot;,&quot;focal_length&quot;:&quot;0&quot;,&quot;iso&quot;:&quot;0&quot;,&quot;shutter_speed&quot;:&quot;0&quot;,&quot;title&quot;:&quot;&quot;,&quot;orientation&quot;:&quot;0&quot;}\" data-image-title=\"zona_peque\u00f1a\" data-image-description=\"\" data-image-caption=\"\" data-medium-file=\"https:\/\/www.institutodermatologicolaser.com\/wp-content\/uploads\/2017\/11\/zona_pequena-289x300.png\" data-large-file=\"https:\/\/www.institutodermatologicolaser.com\/wp-content\/uploads\/2017\/11\/zona_pequena.png\" \/><\/div>\t\t\t\n\t\t\t\t\t<\/div>\n\t\t<div class=\"team-member-info\">\n\t\t\n\t\t<h3>\n\t\t\t\t\t\t\t\t\t\t\t\t<\/h3>\n\n\t\t\t\t\n\t\t\t\t\t<div class=\"team-member-bio\">\n\t\t\t\t<p style=\"text-align: center;\"><div class=\"fl-builder-content fl-builder-content-14841 fl-builder-template fl-builder-module-template fl-builder-global-templates-locked\" data-post-id=\"14841\"><div class=\"fl-module fl-module-vamtam-button fl-node-5a0351151b3cf\" data-node=\"5a0351151b3cf\">\n\t<div class=\"fl-module-content fl-node-content\">\n\t\t<div class=\"vamtam-button-wrap vamtam-button-width-auto\" style=\"text-align:center\">\n\t<a href=\"\/janet-williams-appointments\/\" target=\"_self\" class=\"vamtam-button accent1 hover-accent6 button-solid icon-animation-disable\" role=\"button\" style=\"font-size:14px;line-height:16px;padding:16px 32px;\">\n\n\t\t\n\t\t\t\t\t<span class=\"vamtam-button-text\">Book Now<\/span>\n\t\t\n\t\t\n\t<\/a>\n<\/div>\n\t<\/div>\n<\/div>\n<\/div><\/p>\t\t\t<\/div>\n\t\t\t<\/div>\n<\/div>\n\t<\/div>\n<\/div>\n<\/div>\n<\/div>\n\t\t\t<div class=\"fl-col fl-node-5a0b28b1812be\" data-node=\"5a0b28b1812be\">\n\t<div class=\"fl-col-content fl-node-content\"><div class=\"fl-module fl-module-vamtam-accordion fl-node-5a0b28b1813c4\" data-node=\"5a0b28b1813c4\">\n\t<div class=\"fl-module-content fl-node-content\">\n\t\t<div class=\"fl-accordion fl-accordion-medium fl-accordion-collapse fl-accordion-open-first\">\n\t\t<div class=\"fl-accordion-item\" style=\"border-color:rgba(255,255,255,0.01)\">\n\t\t<div class=\"fl-accordion-button\">\n\t\t\t<span class=\"fl-accordion-button-label\">Zonas peque\u00f1as<\/span>\n\t\t\t<i class=\"fl-accordion-button-icon vamtam-theme-plus\"><\/i>\n\t\t<\/div>\n\t\t<div class=\"fl-accordion-content fl-clearfix\"><table class=\"vamtam-styled\">\n<tbody><!-- Comienza la tabla --><\/p>\n<tr><!-- ENCABEZADOS--><\/p>\n<td><p><!-- ENCABEZADOS EN COLUMNAS --><\/p>\n<p class=\"p1\" style=\"text-align: left;\"><span style=\"font-size: 14px;\"><strong>Zona<\/strong><\/span><\/p>\n<\/td>\n<p><!-- Fin de la Columna 1 --><\/p>\n<td style=\"text-align: left;\">\n<p class=\"p1\"><strong><span style=\"font-size: 14px;\">Duraci\u00f3n<\/span><\/strong><\/p>\n<\/td>\n<td style=\"text-align: left;\">\n<p class=\"p1\"><strong><span style=\"font-size: 14px;\">Precio<\/span><\/strong><\/p>\n<\/td>\n<td style=\"text-align: left;\">\n<p class=\"p1\"><strong><span style=\"font-size: 14px;\">Repaso<\/span><\/strong><\/p>\n<\/td>\n<\/tr>\n<p><!-- Fin de los encabezados --><\/p>\n<tr><!-- Fila 1 --><\/p>\n<td><p><!-- Columna 1 --><\/p>\n<p class=\"p1\">Antebrazos<\/p>\n<\/td>\n<p><!-- Fin de la Columna 1 --><\/p>\n<td>\n<p class=\"p1\">20 min.<\/p>\n<\/td>\n<td>\n<p class=\"p1\">40 \u20ac<\/p>\n<\/td>\n<td>\n<p class=\"p1\">160 \u20ac<\/p>\n<\/td>\n<\/tr>\n<p><!-- Fin de la Fila 1 --><\/p>\n<tr><!-- Fila 2 --><\/p>\n<td><p><!-- Columna 2 --><\/p>\n<p class=\"p1\">Areolas<\/p>\n<\/td>\n<p><!-- Fin de la Columna 1 --><\/p>\n<td>\n<p class=\"p1\">20 min.<\/p>\n<\/td>\n<td>\n<p class=\"p1\">40 \u20ac<\/p>\n<\/td>\n<td>\n<p class=\"p1\">160 \u20ac<\/p>\n<\/td>\n<\/tr>\n<p><!-- Fin de la Fila 2 --><\/p>\n<tr><!-- Fila 3 --><\/p>\n<td><p><!-- Columna 3 --><\/p>\n<p class=\"p1\">Axilas<\/p>\n<\/td>\n<p><!-- Fin de la Columna 1 --><\/p>\n<td>\n<p class=\"p1\">20 min.<\/p>\n<\/td>\n<td>\n<p class=\"p1\">40 \u20ac<\/p>\n<\/td>\n<td>\n<p class=\"p1\">160 \u20ac<\/p>\n<\/td>\n<\/tr>\n<p><!-- Fin de la Fila 3 --><\/p>\n<tr><!-- Fila 4 --><\/p>\n<td><p><!-- Columna 4 --><\/p>\n<p class=\"p1\">Canalillo<\/p>\n<\/td>\n<p><!-- Fin de la Columna 1 --><\/p>\n<td>\n<p class=\"p1\">20 min.<\/p>\n<\/td>\n<td>\n<p class=\"p1\">40 \u20ac<\/p>\n<\/td>\n<td>\n<p class=\"p1\">160 \u20ac<\/p>\n<\/td>\n<\/tr>\n<p><!-- Fin de la Fila 4 --><\/p>\n<tr><!-- Fila 4 --><\/p>\n<td><p><!-- Columna 4 --><\/p>\n<p class=\"p1\">Gl\u00fateos<\/p>\n<\/td>\n<p><!-- Fin de la Columna 1 --><\/p>\n<td>\n<p class=\"p1\">20 min.<\/p>\n<\/td>\n<td>\n<p class=\"p1\">40 \u20ac<\/p>\n<\/td>\n<td>\n<p class=\"p1\">160 \u20ac<\/p>\n<\/td>\n<\/tr>\n<p><!-- Fin de la Fila 4 --><\/p>\n<tr><!-- Fila 4 --><\/p>\n<td><p><!-- Columna 4 --><\/p>\n<p class=\"p1\">Ingles <span style=\"font-size: 12px;\">completas<\/span><\/p>\n<\/td>\n<p><!-- Fin de la Columna 1 --><\/p>\n<td>\n<p class=\"p1\">20 min.<\/p>\n<\/td>\n<td>\n<p class=\"p1\">40 \u20ac<\/p>\n<\/td>\n<td>\n<p class=\"p1\">160 \u20ac<\/p>\n<\/td>\n<\/tr>\n<p><!-- Fin de la Fila 4 --><\/p>\n<tr><!-- Fila 4 --><\/p>\n<td><p><!-- Columna 4 --><\/p>\n<p class=\"p1\">L\u00ednea de alba<\/p>\n<\/td>\n<p><!-- Fin de la Columna 1 --><\/p>\n<td>\n<p class=\"p1\">20 min.<\/p>\n<\/td>\n<td>\n<p class=\"p1\">40 \u20ac<\/p>\n<\/td>\n<td>\n<p class=\"p1\">160 \u20ac<\/p>\n<\/td>\n<\/tr>\n<p><!-- Fin de la Fila 4 --><\/p>\n<tr><!-- Fila 4 --><\/p>\n<td><p><!-- Columna 4 --><\/p>\n<p class=\"p1\">Lumbares<\/p>\n<\/td>\n<p><!-- Fin de la Columna 1 --><\/p>\n<td>\n<p class=\"p1\">20 min.<\/p>\n<\/td>\n<td>\n<p class=\"p1\">40 \u20ac<\/p>\n<\/td>\n<td>\n<p class=\"p1\">160 \u20ac<\/p>\n<\/td>\n<\/tr>\n<p><!-- Fin de la Fila 4 --><\/p>\n<tr><!-- Fila 4 --><\/p>\n<td><p><!-- Columna 4 --><\/p>\n<p class=\"p1\">Perianal<\/p>\n<\/td>\n<p><!-- Fin de la Columna 1 --><\/p>\n<td>\n<p class=\"p1\">20 min.<\/p>\n<\/td>\n<td>\n<p class=\"p1\">40 \u20ac<\/p>\n<\/td>\n<td>\n<p class=\"p1\">160 \u20ac<\/p>\n<\/td>\n<\/tr>\n<p><!-- Fin de la Fila 4 --><\/tbody>\n<\/table>\n<p><!-- Fin de la tabla --><\/p>\n<div class=\"fl-builder-content fl-builder-content-14841 fl-builder-template fl-builder-module-template fl-builder-global-templates-locked\" data-post-id=\"14841\"><div class=\"fl-module fl-module-vamtam-button fl-node-5a0351151b3cf\" data-node=\"5a0351151b3cf\">\n\t<div class=\"fl-module-content fl-node-content\">\n\t\t<div class=\"vamtam-button-wrap vamtam-button-width-auto\" style=\"text-align:center\">\n\t<a href=\"\/janet-williams-appointments\/\" target=\"_self\" class=\"vamtam-button accent1 hover-accent6 button-solid icon-animation-disable\" role=\"button\" style=\"font-size:14px;line-height:16px;padding:16px 32px;\">\n\n\t\t\n\t\t\t\t\t<span class=\"vamtam-button-text\">Book Now<\/span>\n\t\t\n\t\t\n\t<\/a>\n<\/div>\n\t<\/div>\n<\/div>\n<\/div>\n<\/div>\n\t<\/div>\n\t\t<div class=\"fl-accordion-item\" style=\"border-color:rgba(255,255,255,0.01)\">\n\t\t<div class=\"fl-accordion-button\">\n\t\t\t<span class=\"fl-accordion-button-label\">Zonas medianas y grandes<\/span>\n\t\t\t<i class=\"fl-accordion-button-icon vamtam-theme-plus\"><\/i>\n\t\t<\/div>\n\t\t<div class=\"fl-accordion-content fl-clearfix\"><table class=\"vamtam-styled\"><tbody><!-- Comienza la tabla --><tr><!-- ENCABEZADOS--><td><p><!-- ENCABEZADOS EN COLUMNAS --><\/p><p class=\"p1\" style=\"text-align: left;\"><span style=\"font-size: 12px;\"><strong>Zona<\/strong><\/span><\/p><\/td><!-- Fin de la Columna --><td style=\"text-align: left;\"><p class=\"p1\"><span style=\"font-size: 12px;\"><strong>Duraci\u00f3n<\/strong><\/span><\/p><\/td><td style=\"text-align: left;\"><p class=\"p1\"><span style=\"font-size: 12px;\"><strong>Precio<\/strong><\/span><\/p><\/td><td style=\"text-align: left;\"><p class=\"p1\"><span style=\"font-size: 12px;\"><strong>Bono<br \/>5 sesiones<\/strong><\/span><\/p><\/td><\/tr><!-- Fin de los encabezados --><tr><!-- Inicio Fila --><td><p><!-- Inicio Columna --><\/p><p class=\"p1\">Medias piernas<\/p><\/td><!-- Fin de la Columna--><td><p class=\"p1\">40 min.<\/p><\/td><td><p class=\"p1\">70 \u20ac<\/p><\/td><td><p class=\"p1\">280 \u20ac<\/p><\/td><\/tr><!-- Fin de la Fila --><tr><!-- Inicio Fila--><td><p><!-- Inicio Columna --><\/p><p class=\"p1\">Muslos<\/p><\/td><!-- Fin de la Columna--><td><p class=\"p1\">40 min.<\/p><\/td><td><p class=\"p1\">70 \u20ac<\/p><\/td><td><p class=\"p1\">280 \u20ac<\/p><\/td><\/tr><!-- Fin de la Fila--><tr><!-- Inicio Fila --><td><p><!-- Inicio Columna--><\/p><p class=\"p1\">Piernas <span style=\"font-size: 12px;\">completas<\/span><\/p><\/td><!-- Fin de la Columna--><td><p class=\"p1\">60 min.<\/p><\/td><td><p class=\"p1\">90 \u20ac<\/p><\/td><td><p class=\"p1\">360 \u20ac<\/p><\/td><\/tr><!-- Fin de la Fila --><\/tbody><\/table><p><!-- Fin de la tabla --><\/p><div class=\"fl-builder-content fl-builder-content-14841 fl-builder-template fl-builder-module-template fl-builder-global-templates-locked\" data-post-id=\"14841\"><div class=\"fl-module fl-module-vamtam-button fl-node-5a0351151b3cf\" data-node=\"5a0351151b3cf\">\n\t<div class=\"fl-module-content fl-node-content\">\n\t\t<div class=\"vamtam-button-wrap vamtam-button-width-auto\" style=\"text-align:center\">\n\t<a href=\"\/janet-williams-appointments\/\" target=\"_self\" class=\"vamtam-button accent1 hover-accent6 button-solid icon-animation-disable\" role=\"button\" style=\"font-size:14px;line-height:16px;padding:16px 32px;\">\n\n\t\t\n\t\t\t\t\t<span class=\"vamtam-button-text\">Book Now<\/span>\n\t\t\n\t\t\n\t<\/a>\n<\/div>\n\t<\/div>\n<\/div>\n<\/div><\/div>\n\t<\/div>\n\t<\/div>\n\t<\/div>\n<\/div>\n<\/div>\n<\/div>\n\t<\/div>\n<\/div>\n<\/div>\n\t<\/div>\n\t\t<\/div>\n\t<\/div>\n<\/div>\n<\/div>\t\t\t\n<h2>\n\tPrecios especiales\n\t<\/h2>\n<h2>\n\tPacks de depilaci\u00f3n l\u00e1ser\n\t<\/h2>\n\t\t\t\t\n\t\t\t\t\tFacial\n\t\t\t\t\t\t\t\t\t\t\tDepilaci\u00f3n l\u00e1ser\n\t\t\t\t<ul>\n\t\t\t\t\t\t\t\t\t\t<li><strong>Barbilla + Ment\u00f3n:<\/strong> 50 \u20ac | 5 sesiones: 200 \u20ac Duraci\u00f3n: 20 minutos \/ sesi\u00f3n<\/li>\n\t\t\t\t\t\t\t\t\t\t<li><strong>Barbilla + Patillas:<\/strong> 50 \u20ac | 5 sesiones: 200 \u20acDuraci\u00f3n: 20 minutos \/ sesi\u00f3n<\/li>\n\t\t\t\t\t\t\t\t\t\t<li><strong>Ment\u00f3n + Patillas:<\/strong> 50 \u20ac | 5 sesiones: 200 \u20acDuraci\u00f3n: 20 minutos \/ sesi\u00f3n<\/li>\n\t\t\t\t\t\t\t\t\t\t<li><strong>Peribucal + Barbilla:<\/strong> 50 \u20ac | 5 sesiones: 200 \u20acDuraci\u00f3n: 20 minutos \/ sesi\u00f3n<\/li>\n\t\t\t\t\t\t\t\t\t\t<li><strong>Peribucal + Ment\u00f3n:<\/strong> 50 \u20ac | 5 sesiones: 200 \u20acDuraci\u00f3n: 20 minutos \/ sesi\u00f3n<\/li>\n\t\t\t\t\t\t\t\t\t\t<li><strong>Peribucal + Ment\u00f3n + Patillas<\/strong> 60 \u20ac | 5 sesiones: 240 \u20acDuraci\u00f3n: 40 minutos \/ sesi\u00f3n<\/li>\n\t\t\t\t\t\t\t\t\t\t<li><strong>Peribucal + Barbilla + Patillas<\/strong> 60 \u20ac | 5 sesiones: 240 \u20acDuraci\u00f3n: 40 minutos \/ sesi\u00f3n<\/li>\n\t\t\t\t\t\t\t\t\t<\/ul>\n\t<a href=\"\" target=\"_self\" role=\"button\" rel=\"noopener\">\n\t\t\t\t\tM\u00e1s info\n\t<\/a>\n\t\t\t\t<br \/>\n\t\t\t\t\n\t\t\t\t\tCorporal\n\t\t\t\t\t\t\t\t\t\t\tDepilaci\u00f3n l\u00e1ser\n\t\t\t\t<ul>\n\t\t\t\t\t\t\t\t\t\t<li><strong>Ingles + Axilas:<\/strong> 60 \u20ac | 5 sesiones: 240 \u20ac Duraci\u00f3n: 20 minutos \/ sesi\u00f3n<\/li>\n\t\t\t\t\t\t\t\t\t\t<li><strong>Medias piernas + Axilas<\/strong> 90 \u20ac | 5 sesiones: 360 \u20acDuraci\u00f3n: 40 minutos \/ sesi\u00f3n<\/li>\n\t\t\t\t\t\t\t\t\t\t<li><strong>Medias piernas + Axilas + Ingles<\/strong> 110 \u20ac | 5 sesiones: 440 \u20ac Duraci\u00f3n: 40 minutos \/ sesi\u00f3n<\/li>\n\t\t\t\t\t\t\t\t\t\t<li><strong>Piernas completas + Axilas:<\/strong> 110 \u20ac | 5 sesiones: 440 \u20ac Duraci\u00f3n: 60 minutos \/ sesi\u00f3n<\/li>\n\t\t\t\t\t\t\t\t\t\t<li><strong>Piernas completas + Ingles:<\/strong> 110 \u20ac | 5 sesiones: 440 \u20ac Duraci\u00f3n: 60 minutos \/ sesi\u00f3n<\/li>\n\t\t\t\t\t\t\t\t\t\t<li><strong>Piernas completas + Ingles + Axilas:<\/strong> 125 \u20ac | 5 sesiones: 500 \u20ac Duraci\u00f3n: 60 minutos \/ sesi\u00f3n<\/li>\n\t\t\t\t\t\t\t\t\t<\/ul>\n\t<a href=\"\" target=\"_self\" role=\"button\" rel=\"noopener\">\n\t\t\t\t\tM\u00e1s info\n\t<\/a>\n\t\t\t\t<br \/>\n<h2>\n\tFinanciaci\u00f3n\n\t<\/h2>\n<h2>\n\t\t\t<a href=\"\/janet-williams-appointments\/\" title=\"0% inter\u00e9s\" target=\"_self\" rel=\"noopener\">\n\t0% inter\u00e9s\n\t\t\t<\/a>\n\t<\/h2>\n\t<p>Paga tu tratamiento en 12 meses sin intereses.<\/p>\n\t<a href=\"\/janet-williams-appointments\/\" target=\"_self\" role=\"button\" rel=\"noopener\">\n\t\t\t\t\tM\u00e1s informaci\u00f3n\n\t<\/a>\n<h2>\n\tDepilaci\u00f3n l\u00e1ser\n\t<\/h2>\n<h1>\n\tHombres\n\t<\/h1>\n\t<a href=\"https:\/\/themeforest.net\/item\/pur-spa-wellness-wordpress\/21501144?ref=vamtam\" target=\"_blank\" role=\"button\" rel=\"noopener\">\n\t\t\t\t\tVer precios\n\t<\/a>\n\n<\/div><!-- .vgblk-rw-wrapper -->","protected":false},"excerpt":{"rendered":"<p>En Instituto Dermatol\u00f3gico contamos con el L\u00e1ser diodo Vectus de Cynosure, un Diodo de alta potencia, con diferentes Lentes y que gracias a la tecnolog\u00eda Skintel nos permite aplicar la m\u00e1xima potencia en cada disparo protegiendo al paciente gracias a su medidor de melanina incluso en pieles oscuras. Esta gran potencia aplicada nos permite reducir&#8230;<\/p>\n","protected":false},"author":1,"featured_media":0,"parent":987695,"menu_order":0,"comment_status":"closed","ping_status":"closed","template":"","meta":{"inline_featured_image":false,"footnotes":""},"class_list":["post-987866","page","type-page","status-publish","hentry"],"jetpack_sharing_enabled":true,"_links":{"self":[{"href":"https:\/\/www.institutodermatologicolaser.com\/index.php?rest_route=\/wp\/v2\/pages\/987866","targetHints":{"allow":["GET"]}}],"collection":[{"href":"https:\/\/www.institutodermatologicolaser.com\/index.php?rest_route=\/wp\/v2\/pages"}],"about":[{"href":"https:\/\/www.institutodermatologicolaser.com\/index.php?rest_route=\/wp\/v2\/types\/page"}],"author":[{"embeddable":true,"href":"https:\/\/www.institutodermatologicolaser.com\/index.php?rest_route=\/wp\/v2\/users\/1"}],"replies":[{"embeddable":true,"href":"https:\/\/www.institutodermatologicolaser.com\/index.php?rest_route=%2Fwp%2Fv2%2Fcomments&post=987866"}],"version-history":[{"count":18,"href":"https:\/\/www.institutodermatologicolaser.com\/index.php?rest_route=\/wp\/v2\/pages\/987866\/revisions"}],"predecessor-version":[{"id":988288,"href":"https:\/\/www.institutodermatologicolaser.com\/index.php?rest_route=\/wp\/v2\/pages\/987866\/revisions\/988288"}],"up":[{"embeddable":true,"href":"https:\/\/www.institutodermatologicolaser.com\/index.php?rest_route=\/wp\/v2\/pages\/987695"}],"wp:attachment":[{"href":"https:\/\/www.institutodermatologicolaser.com\/index.php?rest_route=%2Fwp%2Fv2%2Fmedia&parent=987866"}],"curies":[{"name":"wp","href":"https:\/\/api.w.org\/{rel}","templated":true}]}}