{"id":987769,"date":"2023-02-27T01:04:41","date_gmt":"2023-02-27T01:04:41","guid":{"rendered":"https:\/\/www.institutodermatologicolaser.com\/?page_id=987769"},"modified":"2023-04-09T23:17:46","modified_gmt":"2023-04-09T23:17:46","slug":"eliminar-arrugas-piel-malaga","status":"publish","type":"page","link":"https:\/\/www.institutodermatologicolaser.com\/?page_id=987769","title":{"rendered":"Arrugas en la piel"},"content":{"rendered":"<div class=\"vgblk-rw-wrapper limit-wrapper\">\n<h3>\n\tTratamientos para eliminar las arrugas\n\t<\/h3>\n\t<p>Las\u00a0<strong>arrugas faciales<\/strong>\u00a0son un signo del envejecimiento de la piel debidas a la edad, el sol o los h\u00e1bitos poco saludables como el tabaco, el alcohol o el estr\u00e9s.<\/p>\n<p>Existen una gran variedad de\u00a0<strong>tratamientos para eliminar las arrugas<\/strong>\u00a0y dependiendo tanto del objetivo que busque el paciente, como del tipo de arruga a tratar (arruga fina o surcos profundos) podemos recomendar un tratamiento antiarrugas o combinar diferentes tratamientos para conseguir un resultado \u00f3ptimo.<\/p>\n<h3>\n\tEliminar las arrugas por fases\n\t<\/h3>\n\t<p>En Instituto Dermatol\u00f3gico L\u00e1ser somos especialistas y pioneros en el\u00a0<strong>tratamiento para la eliminaci\u00f3n de arrugas por fases<\/strong>, tratando a los pacientes en diferentes sesiones para que la evoluci\u00f3n de la eliminaci\u00f3n de las arrugas sea un proceso m\u00e1s natural y sin provocar cambios dr\u00e1sticos en el paciente, gracias a la suma de las peque\u00f1as acciones que se van realizando a lo largo del tiempo.<\/p>\n<p>El aspecto de nuestro paciente es primordial para nosotros, por ello, tratamos con mucha delicadeza sus rasgos f\u00edsicos con tratamientos de\u00a0<strong>rejuvenecimiento facial para no cambiar la expresi\u00f3n y la naturalidad en su rostro<\/strong>.<\/p>\n<p>Con el objetivo de obtener los resultados deseados, utilizamos exclusivamente productos testados y marcas de alta calidad frente a otros productos de calidad inferior que no alcanzan a obtener buenos resultados.<\/p>\n\t<h2>C\u00f3mo eliminamos arrugas<\/h2>\n<p>Los\u00a0<strong>tratamientos para eliminar arrugas<\/strong>\u00a0pueden ser preventivos o correctores. En cualquier caso, nuestra dermat\u00f3loga determinar\u00e1, en base a los objetivos del paciente, qu\u00e9 tratamiento o tratamientos combinados son los que le ofrecen un mejor resultado.<\/p>\n<h3>Toxina botul\u00ednica<\/h3>\n<p>La toxina botul\u00ednica se utiliza para tratar las arrugas de expresi\u00f3n que se forman en aquellas zonas donde la musculatura tiene m\u00e1s fuerza y se pliega la piel. Las zonas mas comunes que se suelen tratar son la\u00a0<strong>frente, el entrecejo, el contorno de ojos o las patas de gallo<\/strong>.<\/p>\n<p>La\u00a0<strong>toxina botul\u00ednica Azzalure<\/strong> es un producto que consigue relajar estos m\u00fasculos de tal forma que las arrugas se aten\u00faan. No s\u00f3lo trata las arrugas que ya est\u00e1n formadas sino que tiene un efecto preventivo que evita la formaci\u00f3n de nuevas arrugas. El efecto se empieza a notar despu\u00e9s de 24 o 48 horas, las arrugas se marcan menos y la piel aparece m\u00e1s lisa y luminosa.<\/p>\n<p>El efecto perdura de media entre 4-6 meses aproximadamente pero antes de realizar otra sesi\u00f3n, ser\u00e1 imprescindible una valoraci\u00f3n por parte de nuestra dermat\u00f3loga.<\/p>\n<p>La toxina botul\u00ednica no tiene ning\u00fan efecto secundario y puede ser aplicado durante todo el a\u00f1o, excepto en embarazadas que deber\u00e1n esperar hasta pasada la lactancia.<\/p>\n<p>Si el objetivo del paciente es preventivo, es suficiente la utilizaci\u00f3n de toxina botul\u00ednica, si es correctivo, es probable que se deba combinar el tratamiento con rellenos de \u00e1cido hialur\u00f3nico o mesoterapia de vitaminas para recuperar volumen y luminosidad.<\/p>\n<h3>Mesoterapia facial para eliminar arrugas<\/h3>\n<p>La\u00a0<strong>mesoterapia es un tratamiento antiarrugas<\/strong>\u00a0que ayuda a mejorar la hidrataci\u00f3n, textura y luminosidad de la piel gracias al aporte de componentes como vitaminas, \u00e1cido hialur\u00f3nico o antioxidantes en peque\u00f1as cantidades, de esta forma las arrugas se aten\u00faan. En Instituto Dermatol\u00f3gico L\u00e1ser utilizamos una\u00a0<strong>mesoterapia de alta calidad y eficacia<\/strong>.<\/p>\n<p>Para un tratamiento antiarrugas \u00f3ptimo, recomendamos realizar 3 sesiones, distanciadas entre 2 y 4 semanas cada una.La mesoterapia es un tratamiento muy natural que obtiene muy buenos resultados pudiendose realizar varias veces al a\u00f1o. Tanto como tratamiento individual para aquellas personas que buscan una mejor calidad y aspecto de la piel, como\u00a0<strong>combinado<\/strong>\u00a0con otros tratamientos antiarrugas como toxina botul\u00ednica, l\u00e1ser, o Terapia Regenerativa.<\/p>\n<h3>Tratamiento l\u00e1ser para eliminar arrugas<\/h3>\n<p>En Instituto Dermatol\u00f3gico L\u00e1ser contamos con la plataforma l\u00e1ser m\u00e1s potente y efectiva para el tratamiento de arrugas: El equipo ICON de Palomar Medical a trav\u00e9s de su\u00a0<strong>L\u00e1ser Fraccionado no ablativo 1540<\/strong>.<\/p>\n<p>Adem\u00e1s tambi\u00e9n contamos con el\u00a0<strong>L\u00e1ser CO2 Smartskin<\/strong>\u00a0de Cynosure, uno de los \u00fanicos l\u00e1seres fraccionados con tecnolog\u00eda de radiofrecuencia que permite un tratamiento\u00a0<strong>menos agresivo y m\u00e1s directo que los CO2 convencionales<\/strong>.<\/p>\n<p><strong>El l\u00e1ser fraccionado no ablativo 1540<\/strong>\u00a0es un equipo que regenera de forma eficaz las capas m\u00e1s profundas de la piel, logrando de esta forma atenuar las arrugas y devolverle firmeza.<\/p>\n<p>Se realizan por norma general 3 o 4 sesiones distanciadas un mes cada una y los resultados son progresivos, pero desde el primer mes se aprecia que la textura de la piel mejora, el poro se cierra y las arrugas disminuyen, obteniendo mejores resultados conforme se van realizando todas las sesiones. Es muy seguro en diferentes tipos de piel y permite incorporarse de forma inmediata a la actividad normal.<\/p>\n<p>El\u00a0<strong>l\u00e1ser fraccionado de CO2<\/strong>, consigue gracias a la transmisi\u00f3n de calor la renovaci\u00f3n de la superficie epid\u00e9rmica y una regeneraci\u00f3n cut\u00e1nea importante. Est\u00e1 indicado para zona de arrugas superficiales marcadas como pueden ser las peribucales o p\u00e1rpados.<\/p>\n<p>El periodo de recuperaci\u00f3n es mayor que en los l\u00e1seres no ablativos, pero los resultados que se obtienen son espectaculares en aquellas pieles con aspecto muy estropeado. Se necesita una semana para recuperar la piel despu\u00e9s del tratamiento, pero tras este tiempo se aprecia la mejor\u00eda muy notable en las arrugas cut\u00e1neas y textura de la piel. Requiere protecci\u00f3n solar durante los meses siguientes a su realizaci\u00f3n.<\/p>\n<p>En todos nuestros tratamientos de L\u00e1ser se pueden aplicar productos de recuperaci\u00f3n de la piel de\u00a0<strong>SkinCeuticals<\/strong>\u00a0como C E Ferulic que aceleran el periodo de recuperaci\u00f3n.<\/p>\n<h3>Rellenos de \u00e1cido hialuronico para eliminar arrugas.<\/h3>\nEl \u00e1cido hialur\u00f3nico es uno de los rellenos m\u00e1s utilizados como\u00a0<strong>tratamiento contra las arrugas<\/strong>. Al ser un componente natural de nuestra piel es muy seguro. Los\u00a0<strong>labios, surcos nasogenianos, p\u00f3mulos y l\u00edneas de marioneta<\/strong>, son zonas donde se suele trabajar con \u00e1cido hialur\u00f3nico consiguiendo mejor\u00edas importantes.<br \/>\nEn Instituto Dermatol\u00f3gico L\u00e1ser utilizamos los\u00a0<strong>rellenos de alta calidad de Galderma como el Emervel Classic, Deep, Volume, o Lips<\/strong>. Otros productos como la hidroxiapatita c\u00e1lcica m\u00e1s conocido como\u00a0<strong>Radiesse<\/strong>\u00a0o el \u00e1cido polil\u00e1ctico\u00a0<strong>sculptra<\/strong>\u00a0consiguen mejorar adem\u00e1s la flacidez facial al fomentar la formaci\u00f3n de col\u00e1geno y renovaci\u00f3n del tejido a la vez que reponen parte del volumen perdido.\n<img decoding=\"async\" src=\"https:\/\/www.idlaser.es\/images\/facial\/arrugas\/17.jpg\" alt=\"Surco nasogeniano\" \/>Surco nasogeniano. Foto Idlaser\n<img decoding=\"async\" src=\"https:\/\/www.idlaser.es\/images\/facial\/arrugas\/18.jpg\" alt=\"Plataforma L\u00e1ser Icon Palomar Medical\" \/>\n<p>La duraci\u00f3n del tratamiento var\u00eda seg\u00fan el tipo de producto utilizado. Para el \u00e1cido hialur\u00f3nico la duraci\u00f3n suele ser de 6 a 12 meses seg\u00fan la zona donde tratada. El Radiesse y el Sculptra tienen duraciones de hasta 18 meses. En cualquier tratamiento el efecto de regeneraci\u00f3n se mantiene en el tiempo necesitando retoques leves. La mejor\u00eda es pr\u00e1cticamente inmediata puesto que el volumen se repone inmediatamente y el aspecto mejora. Con el paso de los meses la piel evoluciona favorablemente al mantenerse la regeneraci\u00f3n de los tejidos y la formaci\u00f3n de col\u00e1geno nuevo.<\/p>\n<h4>Peeling antiarrugas<\/h4>\n<p>Los\u00a0<strong>tratamientos antiarrugas que utilizan peelings<\/strong>\u00a0consisten en la aplicaci\u00f3n de un producto qu\u00edmico en la superficie de la piel que consigue una exfoliaci\u00f3n. E funci\u00f3n de su intensidad, consigue mejorar arrugas, textura e imperfecciones cut\u00e1neas.<\/p>\n<p>Los\u00a0<strong>peelings<\/strong>\u00a0m\u00e1s superficiales ( glic\u00f3lico, \u00e1cido salic\u00edlico, \u00e1cido fer\u00falico) est\u00e1n indicados para tratamiento de acn\u00e9, manchas, y mejor\u00eda de la calidad de la piel. Los\u00a0<strong>peelings<\/strong>\u00a0medios y profundos se suelen emplear para mejorar arrugas y cicatrices de acn\u00e9. En Instituto Dermatol\u00f3gico L\u00e1ser utilizamos los\u00a0<strong>peelings de Sesderma<\/strong>, l\u00edder en ventas de este tipo de producto por su calidad, eficacia y seguridad.<\/p>\n<img decoding=\"async\" src=\"https:\/\/www.idlaser.es\/images\/dermatologia\/acne\/5.jpg\" alt=\"Peeling sesderma.\" \/>Diferentes peelings de Laboratorios Sesderma.\n<p>El paciente presenta un enrojecimiento inicial y una exfoliaci\u00f3n posterior m\u00e1s o menos intensa. A partir de la primera semana se aprecian los resultados, la piel mejora su aspecto, las manchas se aten\u00faan y las lesiones de acn\u00e9 mejoran. Con 1 o 2 sesiones suele ser suficiente para el tratamiento de arrugas.<\/p>\n\t\t\t\t\t\t\t<img decoding=\"async\" loading=\"lazy\" src=\"https:\/\/www.institutodermatologicolaser.com\/wp-content\/uploads\/2023\/02\/flaticon_color.svg\" alt=\"flaticon_color\" itemprop=\"image\" height=\"71\" width=\"53\" title=\"flaticon_color\" onerror=\"this.style.display='none'\" \/>\t\t\t\t\t\t\t\n<h3>\n\t\u00bfTe preocupan tus arrugas?\n\t<\/h3>\n\t<a href=\"\/giftcards-specials\/\" target=\"_self\" role=\"button\" rel=\"noopener\">\n\t\t\t\t\tHacer consulta\n\t<\/a>\n\t<div class=\"tiled-gallery type-rectangular tiled-gallery-unresized\" data-original-width=\"1260\" data-carousel-extra='{&quot;blog_id&quot;:1,&quot;permalink&quot;:&quot;https:\\\/\\\/www.institutodermatologicolaser.com\\\/?page_id=987769&quot;,&quot;likes_blog_id&quot;:215327677}' itemscope itemtype=\"http:\/\/schema.org\/ImageGallery\" > <div class=\"gallery-row\" style=\"width: 1260px; height: 584px;\" data-original-width=\"1260\" data-original-height=\"584\" > <div class=\"gallery-group images-1\" style=\"width: 785px; height: 584px;\" data-original-width=\"785\" data-original-height=\"584\" > <div class=\"tiled-gallery-item tiled-gallery-item-large\" itemprop=\"associatedMedia\" itemscope itemtype=\"http:\/\/schema.org\/ImageObject\"> <meta itemprop=\"width\" content=\"781\"> <meta itemprop=\"height\" content=\"580\"> <img loading=\"lazy\" decoding=\"async\" data-attachment-id=\"15055\" data-orig-file=\"https:\/\/www.institutodermatologicolaser.com\/wp-content\/uploads\/2017\/11\/gallery-15-2.jpg\" data-orig-size=\"1200,890\" data-comments-opened=\"1\" data-image-meta=\"{&quot;aperture&quot;:&quot;0&quot;,&quot;credit&quot;:&quot;&quot;,&quot;camera&quot;:&quot;&quot;,&quot;caption&quot;:&quot;&quot;,&quot;created_timestamp&quot;:&quot;0&quot;,&quot;copyright&quot;:&quot;&quot;,&quot;focal_length&quot;:&quot;0&quot;,&quot;iso&quot;:&quot;0&quot;,&quot;shutter_speed&quot;:&quot;0&quot;,&quot;title&quot;:&quot;&quot;,&quot;orientation&quot;:&quot;0&quot;}\" data-image-title=\"gallery-15\" data-image-description=\"\" data-medium-file=\"https:\/\/www.institutodermatologicolaser.com\/wp-content\/uploads\/2017\/11\/gallery-15-2-300x223.jpg\" data-large-file=\"https:\/\/www.institutodermatologicolaser.com\/wp-content\/uploads\/2017\/11\/gallery-15-2-1024x759.jpg\" src=\"https:\/\/i0.wp.com\/www.institutodermatologicolaser.com\/wp-content\/uploads\/2017\/11\/gallery-15-2.jpg?w=781&#038;h=580&#038;ssl=1\" width=\"781\" height=\"580\" data-original-width=\"781\" data-original-height=\"580\" itemprop=\"http:\/\/schema.org\/image\" title=\"gallery-15\" alt=\"Closeup portrait of a beautiful young woman enjoying a spa day and daydreaming\" style=\"width: 781px; height: 580px;\" \/> <div class=\"tiled-gallery-caption\" itemprop=\"caption description\"> Closeup portrait of a beautiful young woman enjoying a spa day and daydreaming <\/div> <\/div> <\/div> <!-- close group --> <div class=\"gallery-group images-2\" style=\"width: 475px; height: 584px;\" data-original-width=\"475\" data-original-height=\"584\" > <div class=\"tiled-gallery-item tiled-gallery-item-large\" itemprop=\"associatedMedia\" itemscope itemtype=\"http:\/\/schema.org\/ImageObject\"> <meta itemprop=\"width\" content=\"471\"> <meta itemprop=\"height\" content=\"314\"> <img loading=\"lazy\" decoding=\"async\" data-attachment-id=\"15054\" data-orig-file=\"https:\/\/www.institutodermatologicolaser.com\/wp-content\/uploads\/2017\/11\/gallery-5-2.jpg\" data-orig-size=\"1200,801\" data-comments-opened=\"1\" data-image-meta=\"{&quot;aperture&quot;:&quot;0&quot;,&quot;credit&quot;:&quot;&quot;,&quot;camera&quot;:&quot;&quot;,&quot;caption&quot;:&quot;&quot;,&quot;created_timestamp&quot;:&quot;0&quot;,&quot;copyright&quot;:&quot;&quot;,&quot;focal_length&quot;:&quot;0&quot;,&quot;iso&quot;:&quot;0&quot;,&quot;shutter_speed&quot;:&quot;0&quot;,&quot;title&quot;:&quot;&quot;,&quot;orientation&quot;:&quot;0&quot;}\" data-image-title=\"Total stress relief\" data-image-description=\"\" data-medium-file=\"https:\/\/www.institutodermatologicolaser.com\/wp-content\/uploads\/2017\/11\/gallery-5-2-300x200.jpg\" data-large-file=\"https:\/\/www.institutodermatologicolaser.com\/wp-content\/uploads\/2017\/11\/gallery-5-2-1024x684.jpg\" src=\"https:\/\/i0.wp.com\/www.institutodermatologicolaser.com\/wp-content\/uploads\/2017\/11\/gallery-5-2.jpg?w=471&#038;h=314&#038;ssl=1\" width=\"471\" height=\"314\" data-original-width=\"471\" data-original-height=\"314\" itemprop=\"http:\/\/schema.org\/image\" title=\"Total stress relief\" alt=\"A young woman lying in a health spa\" style=\"width: 471px; height: 314px;\" \/> <div class=\"tiled-gallery-caption\" itemprop=\"caption description\"> A young woman lying in a health spa <\/div> <\/div> <div class=\"tiled-gallery-item tiled-gallery-item-large\" itemprop=\"associatedMedia\" itemscope itemtype=\"http:\/\/schema.org\/ImageObject\"> <meta itemprop=\"width\" content=\"471\"> <meta itemprop=\"height\" content=\"262\"> <img loading=\"lazy\" decoding=\"async\" data-attachment-id=\"14971\" data-orig-file=\"https:\/\/www.institutodermatologicolaser.com\/wp-content\/uploads\/2017\/11\/Slider-02-1.jpg\" data-orig-size=\"1440,800\" data-comments-opened=\"\" data-image-meta=\"{&quot;aperture&quot;:&quot;0&quot;,&quot;credit&quot;:&quot;&quot;,&quot;camera&quot;:&quot;&quot;,&quot;caption&quot;:&quot;&quot;,&quot;created_timestamp&quot;:&quot;0&quot;,&quot;copyright&quot;:&quot;&quot;,&quot;focal_length&quot;:&quot;0&quot;,&quot;iso&quot;:&quot;0&quot;,&quot;shutter_speed&quot;:&quot;0&quot;,&quot;title&quot;:&quot;&quot;,&quot;orientation&quot;:&quot;0&quot;}\" data-image-title=\"Slider-02\" data-image-description=\"\" data-medium-file=\"https:\/\/www.institutodermatologicolaser.com\/wp-content\/uploads\/2017\/11\/Slider-02-1-300x167.jpg\" data-large-file=\"https:\/\/www.institutodermatologicolaser.com\/wp-content\/uploads\/2017\/11\/Slider-02-1-1024x569.jpg\" src=\"https:\/\/i0.wp.com\/www.institutodermatologicolaser.com\/wp-content\/uploads\/2017\/11\/Slider-02-1.jpg?w=471&#038;h=262&#038;ssl=1\" width=\"471\" height=\"262\" data-original-width=\"471\" data-original-height=\"262\" itemprop=\"http:\/\/schema.org\/image\" title=\"Slider-02\" alt=\"Slider-02\" style=\"width: 471px; height: 262px;\" \/> <\/div> <\/div> <!-- close group --> <\/div> <!-- close row --> <\/div>\n\t\t\tHow do I get to the Spa?\n\t\t<p>Spa is located in New York, USA, Firs Avenue, Muswell Hill.<\/p>\n\t\t\tHow much does it cost to get a spa therapy?\n\t\t<p>Prices very greatly depending on witch treatment do you need to, , the best way to obtain an estimate is to either contact the specialist directly or come to the Spa.<\/p>\n\t\t\tCan I speak by telephone during the treatments?\n\t\t<p>Cell phones and other electronic devices need to be silenced while in the spa, and please no telephone conversations inside.<\/p>\n\t\t\tHow old do I have to be for spa treatments?\n\t\t<p>To ensure the ultimate experience for yourself and other guests, please refrain from bringing children.<\/p>\n\t\t\tAre walk-ins welcome?\n\t\t<p>Yes, walk ins are welcome and will be addressed on a first come first serve basis.<\/p>\n\t\t\tCan I pay with cash?\n\t\t<p>We accept cash, checks, Visa, Mastercard, Discover, American Express and our Gift Certificates. Payment is due in full at time of service. We do honor some third-party gift certificates including Spa Finder, Spa Wellness, and Yelp. A credit card or gift card will be required when scheduling your salon and spa services. Gratuities are at your discretion and are graciously accepted by our talented team of professionals.<\/p>\n\t\t\tIs there any refund policy if I am not satisfied?\n\t\t<p>We offer 100% satisfaction guarantee on all our products. If you decide that a product is not right for you, you may return the un-used portion within 10 days of original purchase to exchange for another product. No cash or credit card refunds, exchanges only.<\/p>\n\t\t\tWhat do I do if I need to cancel an appointment?\n\t\t<p>In order to cancel or reschedule an appointment you must call the Spa during business hours (noon-8pm) or contact your artist directly. Please note that all messages left after 8PM will not be checked until the following day. All deposits are non-refundable.<\/p>\n\t\t\tDo I need prior consultation?\n\t\t<p>Prior to each service your service provider will work with you through an in-depth consultation. At this time, they will assess your hair, skin, nails and body needs to determine the best possible treatments and products to use during your salon and spa experience. They will make product recommendations to help you maintain your look and feel.<\/p>\n\t\t\tHow do I book an appointment with Janet Williams?\n\t\t<p>Janet is not currently taking appointments.<\/p>\n\t\t\tCan I lunch in Spa?\n\t\t<p>Our lunches are catered especially for you. Upon your arrival, you will be given a menu to select your lunch preference. Lunches can include salad, sandwich, vegetarian and vegan options along with sides, chips, cookie and drink. A Spa Lunch may be added to any extended spa visit for $15 per perso<\/p>\n<h3>\n\t-50%\n\t<\/h3>\n<h2>\n\t\t\t<a href=\"\/janet-williams-appointments\/\" title=\"Face Peeling Sale!\" target=\"_self\" rel=\"noopener\">\n\tFace Peeling Sale!\n\t\t\t<\/a>\n\t<\/h2>\n\t<p>Peels are intended to remove the outermost layer of dead skin cells.<\/p>\n\t<a href=\"\/janet-williams-appointments\/\" target=\"_self\" role=\"button\" rel=\"noopener\">\n\t\t\t\t\tSee Avalible Dates\n\t<\/a>\n\n<\/div><!-- .vgblk-rw-wrapper -->","protected":false},"excerpt":{"rendered":"<p>Tratamientos para eliminar las arrugas Las\u00a0arrugas faciales\u00a0son un signo del envejecimiento de la piel debidas a la edad, el sol o los h\u00e1bitos poco saludables como el tabaco, el alcohol o el estr\u00e9s. Existen una gran variedad de\u00a0tratamientos para eliminar las arrugas\u00a0y dependiendo tanto del objetivo que busque el paciente, como del tipo de arruga&#8230;<\/p>\n","protected":false},"author":1,"featured_media":0,"parent":987710,"menu_order":0,"comment_status":"closed","ping_status":"closed","template":"","meta":{"inline_featured_image":false,"footnotes":""},"class_list":["post-987769","page","type-page","status-publish","hentry"],"jetpack_sharing_enabled":true,"_links":{"self":[{"href":"https:\/\/www.institutodermatologicolaser.com\/index.php?rest_route=\/wp\/v2\/pages\/987769","targetHints":{"allow":["GET"]}}],"collection":[{"href":"https:\/\/www.institutodermatologicolaser.com\/index.php?rest_route=\/wp\/v2\/pages"}],"about":[{"href":"https:\/\/www.institutodermatologicolaser.com\/index.php?rest_route=\/wp\/v2\/types\/page"}],"author":[{"embeddable":true,"href":"https:\/\/www.institutodermatologicolaser.com\/index.php?rest_route=\/wp\/v2\/users\/1"}],"replies":[{"embeddable":true,"href":"https:\/\/www.institutodermatologicolaser.com\/index.php?rest_route=%2Fwp%2Fv2%2Fcomments&post=987769"}],"version-history":[{"count":9,"href":"https:\/\/www.institutodermatologicolaser.com\/index.php?rest_route=\/wp\/v2\/pages\/987769\/revisions"}],"predecessor-version":[{"id":988394,"href":"https:\/\/www.institutodermatologicolaser.com\/index.php?rest_route=\/wp\/v2\/pages\/987769\/revisions\/988394"}],"up":[{"embeddable":true,"href":"https:\/\/www.institutodermatologicolaser.com\/index.php?rest_route=\/wp\/v2\/pages\/987710"}],"wp:attachment":[{"href":"https:\/\/www.institutodermatologicolaser.com\/index.php?rest_route=%2Fwp%2Fv2%2Fmedia&parent=987769"}],"curies":[{"name":"wp","href":"https:\/\/api.w.org\/{rel}","templated":true}]}}