{"id":987710,"date":"2023-02-12T17:09:42","date_gmt":"2023-02-12T17:09:42","guid":{"rendered":"https:\/\/www.institutodermatologicolaser.com\/?page_id=987710"},"modified":"2023-04-09T02:55:40","modified_gmt":"2023-04-09T02:55:40","slug":"medicina-estetica-malaga","status":"publish","type":"page","link":"https:\/\/www.institutodermatologicolaser.com\/?page_id=987710","title":{"rendered":"Medicina est\u00e9tica"},"content":{"rendered":"<div class=\"vgblk-rw-wrapper limit-wrapper\">\n<h1>\n\tMedicina est\u00e9tica\n\t<\/h1>\n\t<p>Somos la opci\u00f3n ideal para mejorar la salud y el aspecto de tu piel<\/p>\n\t<p>Contamos con la<strong> tecnolog\u00eda m\u00e9dica de vanguardia<\/strong> para el diagn\u00f3stico y tratamiento de trastornos de la piel: alta precisi\u00f3n y tratamientos avanzados para brindar los mejores resultados posibles.<\/p>\n<p><strong>Instituto Dermatol\u00f3gico L\u00e1ser<\/strong> ofrece tratamientos de alta calidad con un equipo de especialistas altamente capacitados y tecnolog\u00eda m\u00e9dica avanzada.<\/p>\n\t<a href=\"https:\/\/vimeo.com\/122546221\" target=\"_blank\" role=\"button\" rel=\"noopener\">\n\t\t\t\t\tConsulta privada\n\t<\/a>\n\t\t\t\t\t\t\t<img decoding=\"async\" loading=\"lazy\" src=\"https:\/\/www.institutodermatologicolaser.com\/wp-content\/uploads\/2023\/04\/dermatologiaarrugas.png\" alt=\"dermatologia=arrugas\" itemprop=\"image\" height=\"200\" width=\"200\" title=\"dermatologia=arrugas\" onerror=\"this.style.display='none'\"  sizes=\"auto, (max-width: 768px) 100vw, 100vw\" srcset=\"https:\/\/www.institutodermatologicolaser.com\/wp-content\/uploads\/2023\/04\/dermatologiaarrugas.png 200w, https:\/\/www.institutodermatologicolaser.com\/wp-content\/uploads\/2023\/04\/dermatologiaarrugas-150x150.png 150w, https:\/\/www.institutodermatologicolaser.com\/wp-content\/uploads\/2023\/04\/dermatologiaarrugas-100x100.png 100w\" \/>\t\t\t\t\t\t\t\n<h3>\n\tArrugas en la piel\n\t<\/h3>\n\t<a href=\"https:\/\/www.institutodermatologicolaser.com\/?page_id=987769\" target=\"_self\" role=\"button\" rel=\"noopener\">\n\t\t\t\t\tVer tratamiento\n\t<\/a>\n\t\t\t\t\t\t\t<img decoding=\"async\" loading=\"lazy\" src=\"https:\/\/www.institutodermatologicolaser.com\/wp-content\/uploads\/2023\/04\/dermatologiacalidad-piel.png\" alt=\"dermatologia=calidad piel\" itemprop=\"image\" height=\"200\" width=\"200\" title=\"dermatologia=calidad piel\" onerror=\"this.style.display='none'\"  sizes=\"auto, (max-width: 768px) 100vw, 100vw\" srcset=\"https:\/\/www.institutodermatologicolaser.com\/wp-content\/uploads\/2023\/04\/dermatologiacalidad-piel.png 200w, https:\/\/www.institutodermatologicolaser.com\/wp-content\/uploads\/2023\/04\/dermatologiacalidad-piel-150x150.png 150w, https:\/\/www.institutodermatologicolaser.com\/wp-content\/uploads\/2023\/04\/dermatologiacalidad-piel-100x100.png 100w\" \/>\t\t\t\t\t\t\t\n<h3>\n\tCalidad de la piel\n\t<\/h3>\n\t<a href=\"https:\/\/www.institutodermatologicolaser.com\/?page_id=987765\" target=\"_self\" role=\"button\" rel=\"noopener\">\n\t\t\t\t\tVer tratamiento\n\t<\/a>\n\t\t\t\t\t\t\t<img decoding=\"async\" loading=\"lazy\" src=\"https:\/\/www.institutodermatologicolaser.com\/wp-content\/uploads\/2023\/04\/dermatologiaojeras.png\" alt=\"dermatologia=ojeras\" itemprop=\"image\" height=\"200\" width=\"200\" title=\"dermatologia=ojeras\" onerror=\"this.style.display='none'\"  sizes=\"auto, (max-width: 768px) 100vw, 100vw\" srcset=\"https:\/\/www.institutodermatologicolaser.com\/wp-content\/uploads\/2023\/04\/dermatologiaojeras.png 200w, https:\/\/www.institutodermatologicolaser.com\/wp-content\/uploads\/2023\/04\/dermatologiaojeras-150x150.png 150w, https:\/\/www.institutodermatologicolaser.com\/wp-content\/uploads\/2023\/04\/dermatologiaojeras-100x100.png 100w\" \/>\t\t\t\t\t\t\t\n<h3>\n\tCorrecci\u00f3n de ojeras\n\t<\/h3>\n\t<a href=\"https:\/\/www.institutodermatologicolaser.com\/?page_id=987781\" target=\"_self\" role=\"button\" rel=\"noopener\">\n\t\t\t\t\tVer tratamiento\n\t<\/a>\n\t\t\t\t\t\t\t<img decoding=\"async\" loading=\"lazy\" src=\"https:\/\/www.institutodermatologicolaser.com\/wp-content\/uploads\/2023\/04\/dermatologiacuello.png\" alt=\"dermatologia=cuello\" itemprop=\"image\" height=\"200\" width=\"200\" title=\"dermatologia=cuello\" onerror=\"this.style.display='none'\"  sizes=\"auto, (max-width: 768px) 100vw, 100vw\" srcset=\"https:\/\/www.institutodermatologicolaser.com\/wp-content\/uploads\/2023\/04\/dermatologiacuello.png 200w, https:\/\/www.institutodermatologicolaser.com\/wp-content\/uploads\/2023\/04\/dermatologiacuello-150x150.png 150w, https:\/\/www.institutodermatologicolaser.com\/wp-content\/uploads\/2023\/04\/dermatologiacuello-100x100.png 100w\" \/>\t\t\t\t\t\t\t\n<h3>\n\t\t\t<a href=\"https:\/\/www.institutodermatologicolaser.com\/?page_id=987776\" title=\"Cuellos, manos y otras zonas\" target=\"_self\" rel=\"noopener\">\n\tCuellos, manos y otras zonas\n\t\t\t<\/a>\n\t<\/h3>\n\t<a href=\"https:\/\/www.institutodermatologicolaser.com\/?page_id=14677\" target=\"_self\" role=\"button\" rel=\"noopener\">\n\t\t\t\t\tVer tratamiento\n\t<\/a>\n\t\t\t\t\t\t\t<img decoding=\"async\" loading=\"lazy\" src=\"https:\/\/www.institutodermatologicolaser.com\/wp-content\/uploads\/2023\/04\/dermatologiaflacidez.png\" alt=\"dermatologia=flacidez\" itemprop=\"image\" height=\"200\" width=\"200\" title=\"dermatologia=flacidez\" onerror=\"this.style.display='none'\"  sizes=\"auto, (max-width: 768px) 100vw, 100vw\" srcset=\"https:\/\/www.institutodermatologicolaser.com\/wp-content\/uploads\/2023\/04\/dermatologiaflacidez.png 200w, https:\/\/www.institutodermatologicolaser.com\/wp-content\/uploads\/2023\/04\/dermatologiaflacidez-150x150.png 150w, https:\/\/www.institutodermatologicolaser.com\/wp-content\/uploads\/2023\/04\/dermatologiaflacidez-100x100.png 100w\" \/>\t\t\t\t\t\t\t\n<h3>\n\t\t\t<a href=\"https:\/\/www.institutodermatologicolaser.com\/?page_id=987774\" title=\"Flacidez\" target=\"_self\" rel=\"noopener\">\n\tFlacidez\n\t\t\t<\/a>\n\t<\/h3>\n\t<a href=\"https:\/\/www.institutodermatologicolaser.com\/?page_id=987760\" target=\"_self\" role=\"button\" rel=\"noopener\">\n\t\t\t\t\tVer tratamiento\n\t<\/a>\n\t\t\t\t\t\t\t<img decoding=\"async\" loading=\"lazy\" src=\"https:\/\/www.institutodermatologicolaser.com\/wp-content\/uploads\/2023\/04\/dermatologialabios.png\" alt=\"dermatologia=labios\" itemprop=\"image\" height=\"200\" width=\"200\" title=\"dermatologia=labios\" onerror=\"this.style.display='none'\"  sizes=\"auto, (max-width: 768px) 100vw, 100vw\" srcset=\"https:\/\/www.institutodermatologicolaser.com\/wp-content\/uploads\/2023\/04\/dermatologialabios.png 200w, https:\/\/www.institutodermatologicolaser.com\/wp-content\/uploads\/2023\/04\/dermatologialabios-150x150.png 150w, https:\/\/www.institutodermatologicolaser.com\/wp-content\/uploads\/2023\/04\/dermatologialabios-100x100.png 100w\" \/>\t\t\t\t\t\t\t\n<h3>\n\t\t\t<a href=\"https:\/\/www.institutodermatologicolaser.com\/?page_id=987779\" title=\"Labios\" target=\"_self\" rel=\"noopener\">\n\tLabios\n\t\t\t<\/a>\n\t<\/h3>\n\t<a href=\"https:\/\/www.institutodermatologicolaser.com\/?page_id=987762\" target=\"_self\" role=\"button\" rel=\"noopener\">\n\t\t\t\t\tVer tratamiento\n\t<\/a>\n\t\t\t\t\t\t\t<img decoding=\"async\" loading=\"lazy\" src=\"https:\/\/www.institutodermatologicolaser.com\/wp-content\/uploads\/2023\/04\/dermatologiarejuvenecimiento.png\" alt=\"dermatologia=rejuvenecimiento\" itemprop=\"image\" height=\"200\" width=\"200\" title=\"dermatologia=rejuvenecimiento\" onerror=\"this.style.display='none'\"  sizes=\"auto, (max-width: 768px) 100vw, 100vw\" srcset=\"https:\/\/www.institutodermatologicolaser.com\/wp-content\/uploads\/2023\/04\/dermatologiarejuvenecimiento.png 200w, https:\/\/www.institutodermatologicolaser.com\/wp-content\/uploads\/2023\/04\/dermatologiarejuvenecimiento-150x150.png 150w, https:\/\/www.institutodermatologicolaser.com\/wp-content\/uploads\/2023\/04\/dermatologiarejuvenecimiento-100x100.png 100w\" \/>\t\t\t\t\t\t\t\n<h3>\n\t\t\t<a href=\"https:\/\/www.institutodermatologicolaser.com\/?page_id=987778\" title=\"Rejuvenecimiento facial integral\" target=\"_self\" rel=\"noopener\">\n\tRejuvenecimiento facial integral\n\t\t\t<\/a>\n\t<\/h3>\n\t<a href=\"https:\/\/www.institutodermatologicolaser.com\/?page_id=14677\" target=\"_self\" role=\"button\" rel=\"noopener\">\n\t\t\t\t\tVer tratamiento\n\t<\/a>\n<h2>\n\tInstituto Dermatol\u00f3gico L\u00e1ser\n\t<\/h2>\n<h2>\n\t\u00danicos en nuestra especialidad\n\t<\/h2>\n\t<p>En\u00a0<strong>Instituto Dermatol\u00f3gico L\u00e1ser<\/strong>\u00a0ser\u00e1s atendido\/a siempre por una de nuestras dermatol\u00f3gas. El equipo lo dirige la\u00a0<strong>Dra. Mar\u00eda Jos\u00e9 Isarr\u00eda Marcos<\/strong>, colegiada n\u00ba 292853773 y miembro de la Academia Espa\u00f1ola de Dermatolog\u00eda y Venerealog\u00eda.<\/p>\n<p>La Dra Isarr\u00eda realiz\u00f3 su formaci\u00f3n en el Hospital 12 de Octubre de Madrid, uno de los hospitales de referencia en Espa\u00f1a.<\/p>\n<h3>\n\t1\n\t<\/h3>\n\t<p>En\u00a0<strong>Instituto Dermatol\u00f3gico L\u00e1ser<\/strong>\u00a0tratamos\u00a0<strong>cualquier enfermedad o lesi\u00f3n dermatol\u00f3gica<\/strong>.<\/p>\n<h3>\n\t2\n\t<\/h3>\n\t<p>Problemas como el acn\u00e9, psoriasis, eccemas, diagn\u00f3stico y prevenci\u00f3n del c\u00e1ncer cut\u00e1neo, tratamiento de la piel sensible, problemas del cabello o dermatolog\u00eda pedi\u00e1trica son atendidos en nuestra <strong>unidad de Dermatolog\u00eda<\/strong>.<\/p>\n<h3>\n\t3\n\t<\/h3>\n\t<p>En el Instituto Dermatol\u00f3gico L\u00e1ser de M\u00e1laga, <strong>cada paciente recibe una atenci\u00f3n personalizada y un tratamiento individualizado<\/strong> que se adapta a sus necesidades espec\u00edficas.<\/p>\n<p>Los dermat\u00f3logos trabajan estrechamente con los pacientes para desarrollar planes de tratamiento personalizados que aborden sus inquietudes y satisfagan sus necesidades.<\/p>\n<h2>\n\tBook\n\t<\/h2>\n<h1>\n\tYour Treatment\n\t<\/h1>\n<h3>\n\tFormulario\n\t<\/h3>\n\tAviso: Se requiere JavaScript para este contenido.\n        <!-- TODO: Move to Template File. -->\n\t\t<iframe src=\"https:\/\/maps.google.com\/maps?q=Muswell+Hill&#038;iwloc=near&#038;output=embed\" height=\"406\" frameborder=\"0\" loading=\"lazy\"><\/iframe>\n\n<\/div><!-- .vgblk-rw-wrapper -->","protected":false},"excerpt":{"rendered":"<p>Medicina est\u00e9tica Somos la opci\u00f3n ideal para mejorar la salud y el aspecto de tu piel Contamos con la tecnolog\u00eda m\u00e9dica de vanguardia para el diagn\u00f3stico y tratamiento de trastornos de la piel: alta precisi\u00f3n y tratamientos avanzados para brindar los mejores resultados posibles. Instituto Dermatol\u00f3gico L\u00e1ser ofrece tratamientos de alta calidad con un equipo&#8230;<\/p>\n","protected":false},"author":1,"featured_media":0,"parent":0,"menu_order":0,"comment_status":"closed","ping_status":"closed","template":"","meta":{"inline_featured_image":false,"footnotes":""},"class_list":["post-987710","page","type-page","status-publish","hentry"],"jetpack_sharing_enabled":true,"_links":{"self":[{"href":"https:\/\/www.institutodermatologicolaser.com\/index.php?rest_route=\/wp\/v2\/pages\/987710","targetHints":{"allow":["GET"]}}],"collection":[{"href":"https:\/\/www.institutodermatologicolaser.com\/index.php?rest_route=\/wp\/v2\/pages"}],"about":[{"href":"https:\/\/www.institutodermatologicolaser.com\/index.php?rest_route=\/wp\/v2\/types\/page"}],"author":[{"embeddable":true,"href":"https:\/\/www.institutodermatologicolaser.com\/index.php?rest_route=\/wp\/v2\/users\/1"}],"replies":[{"embeddable":true,"href":"https:\/\/www.institutodermatologicolaser.com\/index.php?rest_route=%2Fwp%2Fv2%2Fcomments&post=987710"}],"version-history":[{"count":11,"href":"https:\/\/www.institutodermatologicolaser.com\/index.php?rest_route=\/wp\/v2\/pages\/987710\/revisions"}],"predecessor-version":[{"id":988374,"href":"https:\/\/www.institutodermatologicolaser.com\/index.php?rest_route=\/wp\/v2\/pages\/987710\/revisions\/988374"}],"wp:attachment":[{"href":"https:\/\/www.institutodermatologicolaser.com\/index.php?rest_route=%2Fwp%2Fv2%2Fmedia&parent=987710"}],"curies":[{"name":"wp","href":"https:\/\/api.w.org\/{rel}","templated":true}]}}