{"id":987695,"date":"2023-02-12T16:15:33","date_gmt":"2023-02-12T16:15:33","guid":{"rendered":"https:\/\/www.institutodermatologicolaser.com\/?page_id=987695"},"modified":"2023-03-17T13:23:18","modified_gmt":"2023-03-17T13:23:18","slug":"depilacion-laser-definitivo-malaga","status":"publish","type":"page","link":"https:\/\/www.institutodermatologicolaser.com\/?page_id=987695","title":{"rendered":"Depilaci\u00f3n l\u00e1ser"},"content":{"rendered":"<div class=\"vgblk-rw-wrapper limit-wrapper\">\n\n\t\t\t\t\t\t\t<img decoding=\"async\" src=\"https:\/\/www.institutodermatologicolaser.com\/wp-content\/plugins\/beaver-builder-lite-version\/img\/pixel.png\" alt=\"\" itemprop=\"image\" onerror=\"this.style.display='none'\"  \/>\n<h2>\n\tDepilaci\u00f3n l\u00e1ser\n\t<\/h2>\n<h1>\n\tSeguimiento m\u00e9dico\n\t<\/h1>\n\t<a href=\"https:\/\/vimeo.com\/122546221\" target=\"_blank\" role=\"button\" rel=\"noopener\">\n\t\t\t\t\tHacer seguimiento m\u00e9dico\n\t<\/a>\n\t<p>Choose a membership level that meets your changing needs, knowing that each month you get to choose the therapy you want: either our True Transformation Facial or Holistic Wellness Massage that includes the choice of a single modality or multiple modalities customized to your individual needs and concerns. <\/p>\n<h2>\n\tWelcome to\n\t<\/h2>\n<h2>\n\tAn Incredible Spa Experience\n\t<\/h2>\n\t<p>Every treatment is specifically designed to offer a unique experience, using powerful massage sequences and the most potent actives available in the world today.<\/p>\n<h3>\n\t1985\n\t<\/h3>\n\t<p>In the tumultuous business of cutting-in and attending to a whale, there is much running backwards and forwards among the crew.<\/p>\n<h3>\n\tToday\n\t<\/h3>\n\t<p>We must now retrace our way a little. It was mentioned that upon first breaking ground in the whale&#8217;s back, the blubber-hook was inserted into the original hole there cut by the spades of the mates.<\/p>\n<h3>\n\tFeature\n\t<\/h3>\n\t<p>In the tumultuous business of cutting-in and attending to a whale, there is much running backwards and forwards among the crew. Now hands are wanted here, and then again hands are wanted there.<\/p>\n<h2>\n\tMujeres\n\t<\/h2>\n\t<a href=\"\/janet-williams-appointments\/\" target=\"_self\" role=\"button\" rel=\"noopener\">\n\t\t\t\t\tVer precios\n\t<\/a>\n\t\t\t\t\t\t\t<img decoding=\"async\" src=\"https:\/\/www.institutodermatologicolaser.com\/wp-content\/plugins\/beaver-builder-lite-version\/img\/pixel.png\" alt=\"\" itemprop=\"image\" onerror=\"this.style.display='none'\"  \/>\n<h5>\n\t\t\t<a href=\"\/treatments\/salt-therapies\/\" title=\"Salt &amp; Aroma\" target=\"_self\" rel=\"noopener\">\n\tSalt &amp; Aroma\n\t\t\t<\/a>\n\t<\/h5>\n\t<p>Renew your spirit and invigorate your soul.<\/p>\n<h5>\n\t\t\t<a href=\"\/treatments\/hydrotherapy\/\" title=\"Hydro\" target=\"_self\" rel=\"noopener\">\n\tHydro\n\t\t\t<\/a>\n\t<\/h5>\n\t<p>Want a break from the action? Relax.<\/p>\n<h5>\n\t\t\t<a href=\"\/treatments\/thermo-stone-therapies\/\" title=\"Hot stone\" target=\"_self\" rel=\"noopener\">\n\tHot stone\n\t\t\t<\/a>\n\t<\/h5>\n\t<p>Massage spa with extreme lower back pain.<\/p>\n<h2>\n\tHombres\n\t<\/h2>\n\t<a href=\"\/janet-williams-appointments\/\" target=\"_self\" role=\"button\" rel=\"noopener\">\n\t\t\t\t\tVer precios\n\t<\/a>\n\t\t\t\t\t\t\t<img decoding=\"async\" src=\"https:\/\/www.institutodermatologicolaser.com\/wp-content\/plugins\/beaver-builder-lite-version\/img\/pixel.png\" alt=\"\" itemprop=\"image\" onerror=\"this.style.display='none'\"  \/>\n<h5>\n\t\t\t<a href=\"\/treatments\/salt-therapies\/\" title=\"Salt &amp; Aroma\" target=\"_self\" rel=\"noopener\">\n\tSalt &amp; Aroma\n\t\t\t<\/a>\n\t<\/h5>\n\t<p>Renew your spirit and invigorate your soul.<\/p>\n<h5>\n\t\t\t<a href=\"\/treatments\/hydrotherapy\/\" title=\"Hydro\" target=\"_self\" rel=\"noopener\">\n\tHydro\n\t\t\t<\/a>\n\t<\/h5>\n\t<p>Want a break from the action? Relax.<\/p>\n<h5>\n\t\t\t<a href=\"\/treatments\/thermo-stone-therapies\/\" title=\"Hot stone\" target=\"_self\" rel=\"noopener\">\n\tHot stone\n\t\t\t<\/a>\n\t<\/h5>\n\t<p>Massage spa with extreme lower back pain.<\/p>\n<h2>\n\tFinanciaci\u00f3n\n\t<\/h2>\n<h2>\n\t\t\t<a href=\"\/janet-williams-appointments\/\" title=\"0% inter\u00e9s\" target=\"_self\" rel=\"noopener\">\n\t0% inter\u00e9s\n\t\t\t<\/a>\n\t<\/h2>\n\t<p>Paga tu tratamiento en 12 meses sin intereses.<\/p>\n\t<a href=\"\/janet-williams-appointments\/\" target=\"_self\" role=\"button\" rel=\"noopener\">\n\t\t\t\t\tM\u00e1s informaci\u00f3n\n\t<\/a>\n\n<\/div><!-- .vgblk-rw-wrapper -->","protected":false},"excerpt":{"rendered":"<p>Depilaci\u00f3n l\u00e1ser Seguimiento m\u00e9dico Hacer seguimiento m\u00e9dico Choose a membership level that meets your changing needs, knowing that each month you get to choose the therapy you want: either our True Transformation Facial or Holistic Wellness Massage that includes the choice of a single modality or multiple modalities customized to your individual needs and concerns&#8230;.<\/p>\n","protected":false},"author":1,"featured_media":0,"parent":0,"menu_order":0,"comment_status":"closed","ping_status":"closed","template":"","meta":{"inline_featured_image":false,"footnotes":""},"class_list":["post-987695","page","type-page","status-publish","hentry"],"jetpack_sharing_enabled":true,"_links":{"self":[{"href":"https:\/\/www.institutodermatologicolaser.com\/index.php?rest_route=\/wp\/v2\/pages\/987695","targetHints":{"allow":["GET"]}}],"collection":[{"href":"https:\/\/www.institutodermatologicolaser.com\/index.php?rest_route=\/wp\/v2\/pages"}],"about":[{"href":"https:\/\/www.institutodermatologicolaser.com\/index.php?rest_route=\/wp\/v2\/types\/page"}],"author":[{"embeddable":true,"href":"https:\/\/www.institutodermatologicolaser.com\/index.php?rest_route=\/wp\/v2\/users\/1"}],"replies":[{"embeddable":true,"href":"https:\/\/www.institutodermatologicolaser.com\/index.php?rest_route=%2Fwp%2Fv2%2Fcomments&post=987695"}],"version-history":[{"count":19,"href":"https:\/\/www.institutodermatologicolaser.com\/index.php?rest_route=\/wp\/v2\/pages\/987695\/revisions"}],"predecessor-version":[{"id":988159,"href":"https:\/\/www.institutodermatologicolaser.com\/index.php?rest_route=\/wp\/v2\/pages\/987695\/revisions\/988159"}],"wp:attachment":[{"href":"https:\/\/www.institutodermatologicolaser.com\/index.php?rest_route=%2Fwp%2Fv2%2Fmedia&parent=987695"}],"curies":[{"name":"wp","href":"https:\/\/api.w.org\/{rel}","templated":true}]}}