{"id":14855,"date":"2017-11-08T19:09:55","date_gmt":"2017-11-08T19:09:55","guid":{"rendered":"https:\/\/pur.vamtam.com\/?page_id=14855"},"modified":"2023-03-17T13:23:19","modified_gmt":"2023-03-17T13:23:19","slug":"hiperhidrosis-exceso-sudor-malaga","status":"publish","type":"page","link":"https:\/\/www.institutodermatologicolaser.com\/?page_id=14855","title":{"rendered":"Hiperhidrosis"},"content":{"rendered":"<div class=\"vgblk-rw-wrapper limit-wrapper\">\n\n\t<h2>\u00bfQu\u00e9 es la hiperhidrosis?<\/h2>\n<p>El\u00a0<strong>exceso de sudoraci\u00f3n o hiperhidrosis<\/strong>\u00a0en manos, pies o axilas es un problema est\u00e9tico importante para los pacientes que lo padecen. Conseguir corregirlo de forma segura y eficaz es posible hoy en d\u00eda a trav\u00e9s de diferentes\u00a0<strong>tratamientos contra la hiperhidrosis<\/strong>.<\/p>\n<h2>Tratamientos para eliminar la hiperhidrosis<\/h2>\n<p>La toxina botul\u00ednica es un tratamiento eficaz que consigue mejorar de forma importante el\u00a0<strong>exceso de sudoraci\u00f3n en cualquier parte del cuerpo<\/strong>. El objetivo es frenar el\u00a0<strong>exceso de sudoraci\u00f3n<\/strong>\u00a0en la piel. Su efecto comienza a las pocas horas y se mantiene durante varios meses.<\/p>\n<p>La toxina botul\u00ednica frena la transmisi\u00f3n nerviosa de las gl\u00e1ndulas sudor\u00edparas presentes en\u00a0<strong>axilas, manos, pies<\/strong>\u00a0y otra zonas como por ejemplo\u00a0<strong>la cara<\/strong>. Consigue un resultado muy eficaz y es un tratamiento muy seguro.<\/p>\n<p>Se realizan microinyecciones muy superficiales en la superficie que estemos tratando. Previamente se suele anestesiar la piel para que el tratamiento sea lo m\u00e1s agradable posible.<\/p>\n<h2>\u00bfCu\u00e1l es el mejor momento?<\/h2>\n<p>Este tratamiento puede ser realizado durante todas las \u00e9pocas del a\u00f1o. Se recomienda realizar una sesi\u00f3n cada 6 meses, ya que es el tiempo habitual de duraci\u00f3n del tratamiento.<\/p>\n<h2>\u00bfCu\u00e1les son los resultados?<\/h2>\n<article>\n<p>Desde las primeras 48-72 horas el paciente nota un\u00a0<strong>descenso notable de la sudoraci\u00f3n<\/strong> que llega al m\u00e1ximo alrededor de los 10 d\u00edas tras el tratamiento.<\/p>\n<\/article>\n\n<\/div><!-- .vgblk-rw-wrapper -->","protected":false},"excerpt":{"rendered":"<p>\u00bfQu\u00e9 es la hiperhidrosis? El\u00a0exceso de sudoraci\u00f3n o hiperhidrosis\u00a0en manos, pies o axilas es un problema est\u00e9tico importante para los pacientes que lo padecen. Conseguir corregirlo de forma segura y eficaz es posible hoy en d\u00eda a trav\u00e9s de diferentes\u00a0tratamientos contra la hiperhidrosis. Tratamientos para eliminar la hiperhidrosis La toxina botul\u00ednica es un tratamiento eficaz&#8230;<\/p>\n","protected":false},"author":1,"featured_media":0,"parent":11406,"menu_order":0,"comment_status":"closed","ping_status":"closed","template":"","meta":{"inline_featured_image":false,"footnotes":""},"class_list":["post-14855","page","type-page","status-publish","hentry"],"jetpack_sharing_enabled":true,"_links":{"self":[{"href":"https:\/\/www.institutodermatologicolaser.com\/index.php?rest_route=\/wp\/v2\/pages\/14855","targetHints":{"allow":["GET"]}}],"collection":[{"href":"https:\/\/www.institutodermatologicolaser.com\/index.php?rest_route=\/wp\/v2\/pages"}],"about":[{"href":"https:\/\/www.institutodermatologicolaser.com\/index.php?rest_route=\/wp\/v2\/types\/page"}],"author":[{"embeddable":true,"href":"https:\/\/www.institutodermatologicolaser.com\/index.php?rest_route=\/wp\/v2\/users\/1"}],"replies":[{"embeddable":true,"href":"https:\/\/www.institutodermatologicolaser.com\/index.php?rest_route=%2Fwp%2Fv2%2Fcomments&post=14855"}],"version-history":[{"count":3,"href":"https:\/\/www.institutodermatologicolaser.com\/index.php?rest_route=\/wp\/v2\/pages\/14855\/revisions"}],"predecessor-version":[{"id":988072,"href":"https:\/\/www.institutodermatologicolaser.com\/index.php?rest_route=\/wp\/v2\/pages\/14855\/revisions\/988072"}],"up":[{"embeddable":true,"href":"https:\/\/www.institutodermatologicolaser.com\/index.php?rest_route=\/wp\/v2\/pages\/11406"}],"wp:attachment":[{"href":"https:\/\/www.institutodermatologicolaser.com\/index.php?rest_route=%2Fwp%2Fv2%2Fmedia&parent=14855"}],"curies":[{"name":"wp","href":"https:\/\/api.w.org\/{rel}","templated":true}]}}