{"id":11406,"date":"2016-12-05T16:27:00","date_gmt":"2016-12-05T16:27:00","guid":{"rendered":"https:\/\/pur.vamtam.com\/?page_id=11406"},"modified":"2023-04-09T02:28:11","modified_gmt":"2023-04-09T02:28:11","slug":"dermatologia-malaga","status":"publish","type":"page","link":"https:\/\/www.institutodermatologicolaser.com\/?page_id=11406","title":{"rendered":"Dermatolog\u00eda"},"content":{"rendered":"<div class=\"vgblk-rw-wrapper limit-wrapper\">\n<h1>\n\tDermatolog\u00eda\n\t<\/h1>\n\t<p>La base fundamental de nuestra cl\u00ednica<\/p>\n\t<p>Como <b>dermat\u00f3logos<\/b>\u00a0que somos, tratamos todos los problemas que tiene nuestra piel, tanto desde el punto de vista\u00a0<strong>cl\u00ednico<\/strong>\u00a0como\u00a0<strong>est\u00e9tico<\/strong>.<\/p>\n<p>En <strong>Instituto Dermatol\u00f3gico L\u00e1ser<\/strong>\u00a0contamos con los \u00faltimos avances tecnol\u00f3gicos, lo que nos permite ofrecer la mejor y m\u00e1s avanzada soluci\u00f3n a nuestros pacientes.<\/p>\n\t<a href=\"https:\/\/vimeo.com\/122546221\" target=\"_blank\" role=\"button\" rel=\"noopener\">\n\t\t\t\t\tConsulta privada\n\t<\/a>\n\t\t\t\t\t\t\t<img decoding=\"async\" loading=\"lazy\" src=\"https:\/\/www.institutodermatologicolaser.com\/wp-content\/uploads\/2023\/04\/dermatologia-acne.png\" alt=\"dermatologia-acne\" itemprop=\"image\" height=\"200\" width=\"200\" title=\"dermatologia-acne\" onerror=\"this.style.display='none'\"  sizes=\"auto, (max-width: 768px) 100vw, 100vw\" srcset=\"https:\/\/www.institutodermatologicolaser.com\/wp-content\/uploads\/2023\/04\/dermatologia-acne.png 200w, https:\/\/www.institutodermatologicolaser.com\/wp-content\/uploads\/2023\/04\/dermatologia-acne-150x150.png 150w, https:\/\/www.institutodermatologicolaser.com\/wp-content\/uploads\/2023\/04\/dermatologia-acne-100x100.png 100w\" \/>\t\t\t\t\t\t\t\n<h3>\n\tAcn\u00e9\n\t<\/h3>\n\t<a href=\"https:\/\/www.institutodermatologicolaser.com\/?page_id=14677\" target=\"_self\" role=\"button\" rel=\"noopener\">\n\t\t\t\t\tVer tratamiento\n\t<\/a>\n\t\t\t\t\t\t\t<img decoding=\"async\" loading=\"lazy\" src=\"https:\/\/www.institutodermatologicolaser.com\/wp-content\/uploads\/2023\/04\/dermatologia-alopecia.png\" alt=\"dermatolog\u00eda-alopecia\" itemprop=\"image\" height=\"200\" width=\"200\" title=\"dermatolog\u00eda-alopecia\" onerror=\"this.style.display='none'\"  sizes=\"auto, (max-width: 768px) 100vw, 100vw\" srcset=\"https:\/\/www.institutodermatologicolaser.com\/wp-content\/uploads\/2023\/04\/dermatologia-alopecia.png 200w, https:\/\/www.institutodermatologicolaser.com\/wp-content\/uploads\/2023\/04\/dermatologia-alopecia-150x150.png 150w, https:\/\/www.institutodermatologicolaser.com\/wp-content\/uploads\/2023\/04\/dermatologia-alopecia-100x100.png 100w\" \/>\t\t\t\t\t\t\t\n<h3>\n\tAlopecia\n\t<\/h3>\n\t<a href=\"https:\/\/www.institutodermatologicolaser.com\/?page_id=987760\" target=\"_self\" role=\"button\" rel=\"noopener\">\n\t\t\t\t\tVer tratamiento\n\t<\/a>\n\t\t\t\t\t\t\t<img decoding=\"async\" loading=\"lazy\" src=\"https:\/\/www.institutodermatologicolaser.com\/wp-content\/uploads\/2023\/04\/dermatologiabruxismo.png\" alt=\"dermatologia=bruxismo\" itemprop=\"image\" height=\"200\" width=\"200\" title=\"dermatologia=bruxismo\" onerror=\"this.style.display='none'\"  sizes=\"auto, (max-width: 768px) 100vw, 100vw\" srcset=\"https:\/\/www.institutodermatologicolaser.com\/wp-content\/uploads\/2023\/04\/dermatologiabruxismo.png 200w, https:\/\/www.institutodermatologicolaser.com\/wp-content\/uploads\/2023\/04\/dermatologiabruxismo-150x150.png 150w, https:\/\/www.institutodermatologicolaser.com\/wp-content\/uploads\/2023\/04\/dermatologiabruxismo-100x100.png 100w\" \/>\t\t\t\t\t\t\t\n<h3>\n\tBruxismo\n\t<\/h3>\n\t<a href=\"https:\/\/www.institutodermatologicolaser.com\/?page_id=987762\" target=\"_self\" role=\"button\" rel=\"noopener\">\n\t\t\t\t\tVer tratamiento\n\t<\/a>\n\t\t\t\t\t\t\t<img decoding=\"async\" loading=\"lazy\" src=\"https:\/\/www.institutodermatologicolaser.com\/wp-content\/uploads\/2023\/04\/dermatologiacicatrices.png\" alt=\"dermatologia=cicatrices\" itemprop=\"image\" height=\"200\" width=\"200\" title=\"dermatologia=cicatrices\" onerror=\"this.style.display='none'\"  sizes=\"auto, (max-width: 768px) 100vw, 100vw\" srcset=\"https:\/\/www.institutodermatologicolaser.com\/wp-content\/uploads\/2023\/04\/dermatologiacicatrices.png 200w, https:\/\/www.institutodermatologicolaser.com\/wp-content\/uploads\/2023\/04\/dermatologiacicatrices-150x150.png 150w, https:\/\/www.institutodermatologicolaser.com\/wp-content\/uploads\/2023\/04\/dermatologiacicatrices-100x100.png 100w\" \/>\t\t\t\t\t\t\t\n<h3>\n\tCicatrices\n\t<\/h3>\n\t<a href=\"https:\/\/www.institutodermatologicolaser.com\/?page_id=14857\" target=\"_self\" role=\"button\" rel=\"noopener\">\n\t\t\t\t\tVer tratamiento\n\t<\/a>\n\t\t\t\t\t\t\t<img decoding=\"async\" loading=\"lazy\" src=\"https:\/\/www.institutodermatologicolaser.com\/wp-content\/uploads\/2023\/04\/dermatologiacirugia-dermatologica.png\" alt=\"dermatologia=cirugia dermatologica\" itemprop=\"image\" height=\"200\" width=\"200\" title=\"dermatologia=cirugia dermatologica\" onerror=\"this.style.display='none'\"  sizes=\"auto, (max-width: 768px) 100vw, 100vw\" srcset=\"https:\/\/www.institutodermatologicolaser.com\/wp-content\/uploads\/2023\/04\/dermatologiacirugia-dermatologica.png 200w, https:\/\/www.institutodermatologicolaser.com\/wp-content\/uploads\/2023\/04\/dermatologiacirugia-dermatologica-150x150.png 150w, https:\/\/www.institutodermatologicolaser.com\/wp-content\/uploads\/2023\/04\/dermatologiacirugia-dermatologica-100x100.png 100w\" \/>\t\t\t\t\t\t\t\n<h3>\n\tCirug\u00eda dermatol\u00f3gica\n\t<\/h3>\n\t<a href=\"\/appointments\" target=\"_self\" role=\"button\" rel=\"noopener\">\n\t\t\t\t\tVer tratamiento\n\t<\/a>\n\t\t\t\t\t\t\t<img decoding=\"async\" loading=\"lazy\" src=\"https:\/\/www.institutodermatologicolaser.com\/wp-content\/uploads\/2023\/04\/dermatologiahiperhidrosis.png\" alt=\"dermatologia=hiperhidrosis\" itemprop=\"image\" height=\"200\" width=\"200\" title=\"dermatologia=hiperhidrosis\" onerror=\"this.style.display='none'\"  sizes=\"auto, (max-width: 768px) 100vw, 100vw\" srcset=\"https:\/\/www.institutodermatologicolaser.com\/wp-content\/uploads\/2023\/04\/dermatologiahiperhidrosis.png 200w, https:\/\/www.institutodermatologicolaser.com\/wp-content\/uploads\/2023\/04\/dermatologiahiperhidrosis-150x150.png 150w, https:\/\/www.institutodermatologicolaser.com\/wp-content\/uploads\/2023\/04\/dermatologiahiperhidrosis-100x100.png 100w\" \/>\t\t\t\t\t\t\t\n<h3>\n\tHiperhidrosis\n\t<\/h3>\n\t<a href=\"\/appointments\" target=\"_self\" role=\"button\" rel=\"noopener\">\n\t\t\t\t\tVer tratamiento\n\t<\/a>\n\t\t\t\t\t\t\t<img decoding=\"async\" loading=\"lazy\" src=\"https:\/\/www.institutodermatologicolaser.com\/wp-content\/uploads\/2023\/04\/dermatologialesiones-vasculares.png\" alt=\"dermatologia=lesiones vasculares\" itemprop=\"image\" height=\"200\" width=\"200\" title=\"dermatologia=lesiones vasculares\" onerror=\"this.style.display='none'\"  sizes=\"auto, (max-width: 768px) 100vw, 100vw\" srcset=\"https:\/\/www.institutodermatologicolaser.com\/wp-content\/uploads\/2023\/04\/dermatologialesiones-vasculares.png 200w, https:\/\/www.institutodermatologicolaser.com\/wp-content\/uploads\/2023\/04\/dermatologialesiones-vasculares-150x150.png 150w, https:\/\/www.institutodermatologicolaser.com\/wp-content\/uploads\/2023\/04\/dermatologialesiones-vasculares-100x100.png 100w\" \/>\t\t\t\t\t\t\t\n<h3>\n\tLesiones vasculares\n\t<\/h3>\n\t<a href=\"https:\/\/www.institutodermatologicolaser.com\/?page_id=987864\" target=\"_self\" role=\"button\" rel=\"noopener\">\n\t\t\t\t\tVer tratamiento\n\t<\/a>\n\t\t\t\t\t\t\t<img decoding=\"async\" loading=\"lazy\" src=\"https:\/\/www.institutodermatologicolaser.com\/wp-content\/uploads\/2023\/04\/dermatologiamancha-solar.png\" alt=\"dermatologia=mancha solar\" itemprop=\"image\" height=\"200\" width=\"200\" title=\"dermatologia=mancha solar\" onerror=\"this.style.display='none'\"  sizes=\"auto, (max-width: 768px) 100vw, 100vw\" srcset=\"https:\/\/www.institutodermatologicolaser.com\/wp-content\/uploads\/2023\/04\/dermatologiamancha-solar.png 200w, https:\/\/www.institutodermatologicolaser.com\/wp-content\/uploads\/2023\/04\/dermatologiamancha-solar-150x150.png 150w, https:\/\/www.institutodermatologicolaser.com\/wp-content\/uploads\/2023\/04\/dermatologiamancha-solar-100x100.png 100w\" \/>\t\t\t\t\t\t\t\n<h3>\n\tManchas solares\n\t<\/h3>\n\t<a href=\"https:\/\/www.institutodermatologicolaser.com\/?page_id=987756\" target=\"_self\" role=\"button\" rel=\"noopener\">\n\t\t\t\t\tVer tratamiento\n\t<\/a>\n\t\t\t\t\t\t\t<img decoding=\"async\" loading=\"lazy\" src=\"https:\/\/www.institutodermatologicolaser.com\/wp-content\/uploads\/2023\/04\/dermatologialunares-y-verrugas.png\" alt=\"dermatologia=lunares y verrugas\" itemprop=\"image\" height=\"200\" width=\"200\" title=\"dermatologia=lunares y verrugas\" onerror=\"this.style.display='none'\"  sizes=\"auto, (max-width: 768px) 100vw, 100vw\" srcset=\"https:\/\/www.institutodermatologicolaser.com\/wp-content\/uploads\/2023\/04\/dermatologialunares-y-verrugas.png 200w, https:\/\/www.institutodermatologicolaser.com\/wp-content\/uploads\/2023\/04\/dermatologialunares-y-verrugas-150x150.png 150w, https:\/\/www.institutodermatologicolaser.com\/wp-content\/uploads\/2023\/04\/dermatologialunares-y-verrugas-100x100.png 100w\" \/>\t\t\t\t\t\t\t\n<h3>\n\tVerrugas y lunares\n\t<\/h3>\n\t<a href=\"https:\/\/www.institutodermatologicolaser.com\/?page_id=14851\" target=\"_self\" role=\"button\" rel=\"noopener\">\n\t\t\t\t\tVer tratamiento\n\t<\/a>\n<h2>\n\tInstituto Dermatol\u00f3gico L\u00e1ser\n\t<\/h2>\n<h2>\n\t\u00danicos en nuestra especialidad\n\t<\/h2>\n\t<p>En\u00a0<strong>Instituto Dermatol\u00f3gico L\u00e1ser<\/strong>\u00a0ser\u00e1s atendido\/a siempre por una de nuestras dermatol\u00f3gas. El equipo lo dirige la\u00a0<strong>Dra. Mar\u00eda Jos\u00e9 Isarr\u00eda Marcos<\/strong>, colegiada n\u00ba 292853773 y miembro de la Academia Espa\u00f1ola de Dermatolog\u00eda y Venerealog\u00eda.<\/p>\n<p>La Dra Isarr\u00eda realiz\u00f3 su formaci\u00f3n en el Hospital 12 de Octubre de Madrid, uno de los hospitales de referencia en Espa\u00f1a.<\/p>\n<h3>\n\t1\n\t<\/h3>\n\t<p>En\u00a0<strong>Instituto Dermatol\u00f3gico L\u00e1ser<\/strong>\u00a0tratamos\u00a0<strong>cualquier enfermedad o lesi\u00f3n dermatol\u00f3gica<\/strong>.<\/p>\n<h3>\n\t2\n\t<\/h3>\n\t<p>Problemas como el acn\u00e9, psoriasis, eccemas, diagn\u00f3stico y prevenci\u00f3n del c\u00e1ncer cut\u00e1neo, tratamiento de la piel sensible, problemas del cabello o dermatolog\u00eda pedi\u00e1trica son atendidos en nuestra <strong>unidad de Dermatolog\u00eda<\/strong>.<\/p>\n<h3>\n\t3\n\t<\/h3>\n\t<p>En el Instituto Dermatol\u00f3gico L\u00e1ser de M\u00e1laga, <strong>cada paciente recibe una atenci\u00f3n personalizada y un tratamiento individualizado<\/strong> que se adapta a sus necesidades espec\u00edficas.<\/p>\n<p>Los dermat\u00f3logos trabajan estrechamente con los pacientes para desarrollar planes de tratamiento personalizados que aborden sus inquietudes y satisfagan sus necesidades.<\/p>\n<h2>\n\tBook\n\t<\/h2>\n<h1>\n\tYour Treatment\n\t<\/h1>\n<h3>\n\tFormulario\n\t<\/h3>\n\tAviso: Se requiere JavaScript para este contenido.\n        <!-- TODO: Move to Template File. -->\n\t\t<iframe src=\"https:\/\/maps.google.com\/maps?q=Muswell+Hill&#038;iwloc=near&#038;output=embed\" height=\"406\" frameborder=\"0\" loading=\"lazy\"><\/iframe>\n\n<\/div><!-- .vgblk-rw-wrapper -->","protected":false},"excerpt":{"rendered":"<p>Dermatolog\u00eda La base fundamental de nuestra cl\u00ednica Como dermat\u00f3logos\u00a0que somos, tratamos todos los problemas que tiene nuestra piel, tanto desde el punto de vista\u00a0cl\u00ednico\u00a0como\u00a0est\u00e9tico. En Instituto Dermatol\u00f3gico L\u00e1ser\u00a0contamos con los \u00faltimos avances tecnol\u00f3gicos, lo que nos permite ofrecer la mejor y m\u00e1s avanzada soluci\u00f3n a nuestros pacientes. Consulta privada Acn\u00e9 Ver tratamiento Alopecia Ver tratamiento&#8230;<\/p>\n","protected":false},"author":1,"featured_media":0,"parent":0,"menu_order":0,"comment_status":"closed","ping_status":"closed","template":"","meta":{"inline_featured_image":false,"footnotes":""},"class_list":["post-11406","page","type-page","status-publish","hentry"],"jetpack_sharing_enabled":true,"_links":{"self":[{"href":"https:\/\/www.institutodermatologicolaser.com\/index.php?rest_route=\/wp\/v2\/pages\/11406","targetHints":{"allow":["GET"]}}],"collection":[{"href":"https:\/\/www.institutodermatologicolaser.com\/index.php?rest_route=\/wp\/v2\/pages"}],"about":[{"href":"https:\/\/www.institutodermatologicolaser.com\/index.php?rest_route=\/wp\/v2\/types\/page"}],"author":[{"embeddable":true,"href":"https:\/\/www.institutodermatologicolaser.com\/index.php?rest_route=\/wp\/v2\/users\/1"}],"replies":[{"embeddable":true,"href":"https:\/\/www.institutodermatologicolaser.com\/index.php?rest_route=%2Fwp%2Fv2%2Fcomments&post=11406"}],"version-history":[{"count":17,"href":"https:\/\/www.institutodermatologicolaser.com\/index.php?rest_route=\/wp\/v2\/pages\/11406\/revisions"}],"predecessor-version":[{"id":988363,"href":"https:\/\/www.institutodermatologicolaser.com\/index.php?rest_route=\/wp\/v2\/pages\/11406\/revisions\/988363"}],"wp:attachment":[{"href":"https:\/\/www.institutodermatologicolaser.com\/index.php?rest_route=%2Fwp%2Fv2%2Fmedia&parent=11406"}],"curies":[{"name":"wp","href":"https:\/\/api.w.org\/{rel}","templated":true}]}}